{"id":11412,"date":"2016-12-05T16:27:47","date_gmt":"2016-12-05T16:27:47","guid":{"rendered":"https:\/\/nex.vamtam.com\/?page_id=11412"},"modified":"2025-08-26T17:58:11","modified_gmt":"2025-08-26T14:58:11","slug":"iletisim","status":"publish","type":"page","link":"https:\/\/zamanplastik.com.tr\/index.php\/iletisim\/","title":{"rendered":"\u0130leti\u015fim"},"content":{"rendered":"<div class=\"vgblk-rw-wrapper limit-wrapper\">\n\n\t\t<iframe src=\"https:\/\/maps.google.com\/maps?q=Organize+Sanayi+B%C3%B6lgesi%2C+Necat+Nas%C4%B1ro%C4%9Flu+cad+No%3A+12+%2F+1%2C+72202+%C3%96rmeg%C3%B6ze+%28Organize+Sanayi+B%C3%B6lgesi%29%2FBe%C5%9Firi%2FBatman&#038;iwloc=near&#038;output=embed\" height=\"480\" frameborder=\"0\" loading=\"lazy\"><\/iframe>\n\t<h2>\u0130LET\u0130\u015e\u0130M FORMU<br \/>\n<strong>VE ADRES B\u0130LG\u0130LER\u0130<\/strong><\/h2>\n<h4>\n\tTELEFON\n\t<\/h4>\n0 (488) 214 42 17<br \/>\n0 (538) 203 29 54\n<h4>\n\t\u00c7ALI\u015eMA SAATLER\u0130\n\t<\/h4>\n<p>Pazartesi &#8211; Cuma : 07:00 &#8211; 18:00<\/p>\n<h4>\n\tADRES\n\t<\/h4>\n\t<p>Organize Sanayi B\u00f6lgesi, Necat Nas\u0131ro\u011flu cad No: 12 \/1 Be\u015firi\/Batman<\/p>\n<h4>\n\tE-POSTA\n\t<\/h4>\n\t<p>info@zamanplastik.com.tr<\/p>\n\tNotice: JavaScript is required for this content.\n        <!-- That data is being printed as a workaround to page builders reordering the order of the scripts loaded-->\n        \n<\/div><!-- .vgblk-rw-wrapper -->","protected":false},"excerpt":{"rendered":"<p>\u0130LET\u0130\u015e\u0130M FORMU VE ADRES B\u0130LG\u0130LER\u0130 TELEFON 0 (488) 214 42 17 0 (538) 203 29 54 \u00c7ALI\u015eMA SAATLER\u0130 Pazartesi &#8211; Cuma : 07:00 &#8211; 18:00 ADRES Organize Sanayi B\u00f6lgesi, Necat Nas\u0131ro\u011flu cad No: 12 \/1 Be\u015firi\/Batman E-POSTA info@zamanplastik.com.tr Notice: JavaScript is required for this content.<\/p>\n","protected":false},"author":1,"featured_media":0,"parent":0,"menu_order":0,"comment_status":"closed","ping_status":"closed","template":"","meta":{"inline_featured_image":false,"footnotes":""},"class_list":["post-11412","page","type-page","status-publish","hentry"],"jetpack_sharing_enabled":true,"_links":{"self":[{"href":"https:\/\/zamanplastik.com.tr\/index.php\/wp-json\/wp\/v2\/pages\/11412","targetHints":{"allow":["GET"]}}],"collection":[{"href":"https:\/\/zamanplastik.com.tr\/index.php\/wp-json\/wp\/v2\/pages"}],"about":[{"href":"https:\/\/zamanplastik.com.tr\/index.php\/wp-json\/wp\/v2\/types\/page"}],"author":[{"embeddable":true,"href":"https:\/\/zamanplastik.com.tr\/index.php\/wp-json\/wp\/v2\/users\/1"}],"replies":[{"embeddable":true,"href":"https:\/\/zamanplastik.com.tr\/index.php\/wp-json\/wp\/v2\/comments?post=11412"}],"version-history":[{"count":10,"href":"https:\/\/zamanplastik.com.tr\/index.php\/wp-json\/wp\/v2\/pages\/11412\/revisions"}],"predecessor-version":[{"id":987760,"href":"https:\/\/zamanplastik.com.tr\/index.php\/wp-json\/wp\/v2\/pages\/11412\/revisions\/987760"}],"wp:attachment":[{"href":"https:\/\/zamanplastik.com.tr\/index.php\/wp-json\/wp\/v2\/media?parent=11412"}],"curies":[{"name":"wp","href":"https:\/\/api.w.org\/{rel}","templated":true}]}}