{"id":13345,"date":"2017-07-31T12:54:58","date_gmt":"2017-07-31T12:54:58","guid":{"rendered":"https:\/\/nex.vamtam.com\/?page_id=13345"},"modified":"2024-12-19T20:07:57","modified_gmt":"2024-12-19T17:07:57","slug":"hakkimizda","status":"publish","type":"page","link":"https:\/\/zamanplastik.com.tr\/index.php\/hakkimizda\/","title":{"rendered":"Kurumsal"},"content":{"rendered":"<div class=\"vgblk-rw-wrapper limit-wrapper\">\n<h3>\n\tHakk\u0131m\u0131zda\n\t<\/h3>\n<h5>2007 y\u0131l\u0131nda enerji alan\u0131nda ba\u015flayan i\u015f hayat\u0131m\u0131za 2012 y\u0131l\u0131nda in\u015faat sekt\u00f6r\u00fc ile devam ettik. Bu s\u00fcre\u00e7te in\u015faatlarda kullan\u0131lan elektrik borular\u0131n\u0131n kalite ve sa\u011fl\u0131k a\u00e7\u0131s\u0131ndan ortaya \u00e7\u0131kard\u0131\u011f\u0131 problemleri test ettik.<\/h5>\n<h5>Bu k\u0131r\u0131lmaz sa\u011fl\u0131k ve konfor seviyesindeki kaliteyi g\u00f6z \u00f6n\u00fcnde bulundurarak plastik sekt\u00f6r\u00fcnde \u00fcretime ba\u015flad\u0131k. \u0130n\u015faatlarda kullan\u0131lan elektrik borular\u0131n\u0131n daha sa\u011fl\u0131kl\u0131 ve uzun \u00f6m\u00fcrl\u00fc olmas\u0131 ilkesini edinerek Batman<\/h5>\n<h5>OSB&#8217;de 4000 M2 kapal\u0131 toplam 8000 M2 alana sahip bir tesis kuruldu. Elektrik borusu ve ekipmanlar\u0131 yan\u0131nda kangal sulama ve p100 kangal sulama borular\u0131 \u00fcretimine kadar \u00e7e\u015fitlili\u011fi art\u0131rd\u0131k. Hem istikrarda hem de s\u00fcrd\u00fcr\u00fclen yerde bulunan kalite ve istikrar odakl\u0131 hizmet uygulamalar\u0131n\u0131 s\u00fcrd\u00fcr\u00fcyoruz.<\/h5>\n<h3>\n\tVizyonumuz\n\t<\/h3>\n<p>Kalite,estetik ve fiyat uygunlug\u0306unu birlikte sunan ve alan\u0131nda istkrarl\u0131 bir s\u0327ekilde hizmet veren Tu\u0308rkye&#8217;nin en go\u0308zde firmas\u0131 olmak ve Tu\u0308rkye&#8217;yi yurtd\u0131s\u0327\u0131nda bas\u0327ar\u0131yla temsil ederek isthdam olus\u0327turmak.<\/p>\n<h3>\n\tMisyonumuz\n\t<\/h3>\n<ul>\n<li>Arge faalyetlerin u\u0308retmin vazgec\u0327ilmez unsuru k\u0131lmak.<\/li>\n<\/ul>\n<p>&#8211; Kaliteye ve esteti\u011fe ula\u015f\u0131labilirli\u011fi kolaylas\u0327t\u0131rmak.<\/p>\n<p>-Trendler takip etmek yerine trend olus\u0327turmak, taklit eden de\u011fil takip edilen bir marka olmak.<\/p>\n<p>-Rotatif u\u0308retim odag\u0306\u0131na alan, deg\u0306is\u0327im ve do\u0308nu\u0308s\u0327u\u0308mu\u0308 h\u0131zl\u0131 bir s\u0327ekilde yapan gelis\u0327imci,yenilikc\u0327i ve idealist br firma olmak.<\/p>\n\t\t\t\t\t\t\t<img loading=\"lazy\" decoding=\"async\" src=\"https:\/\/zamanplastik.com.tr\/wp-content\/uploads\/2023\/10\/belge-724x1024.jpg\" alt=\"belge\" itemprop=\"image\" height=\"1024\" width=\"724\" title=\"belge\" onerror=\"this.style.display='none'\"  sizes=\"auto, (max-width: 768px) 100vw, 100vw\" srcset=\"https:\/\/zamanplastik.com.tr\/wp-content\/uploads\/2023\/10\/belge-724x1024.jpg 724w, https:\/\/zamanplastik.com.tr\/wp-content\/uploads\/2023\/10\/belge-212x300.jpg 212w, https:\/\/zamanplastik.com.tr\/wp-content\/uploads\/2023\/10\/belge-768x1087.jpg 768w, https:\/\/zamanplastik.com.tr\/wp-content\/uploads\/2023\/10\/belge-1085x1536.jpg 1085w, https:\/\/zamanplastik.com.tr\/wp-content\/uploads\/2023\/10\/belge-1447x2048.jpg 1447w, https:\/\/zamanplastik.com.tr\/wp-content\/uploads\/2023\/10\/belge-1400x1981.jpg 1400w, https:\/\/zamanplastik.com.tr\/wp-content\/uploads\/2023\/10\/belge-700x991.jpg 700w, https:\/\/zamanplastik.com.tr\/wp-content\/uploads\/2023\/10\/belge-466x659.jpg 466w, https:\/\/zamanplastik.com.tr\/wp-content\/uploads\/2023\/10\/belge-933x1320.jpg 933w, https:\/\/zamanplastik.com.tr\/wp-content\/uploads\/2023\/10\/belge-350x495.jpg 350w, https:\/\/zamanplastik.com.tr\/wp-content\/uploads\/2023\/10\/belge-scaled.jpg 1809w\" \/>\t\t\t\t\t\t\t\n\n<\/div><!-- .vgblk-rw-wrapper -->","protected":false},"excerpt":{"rendered":"<p>Hakk\u0131m\u0131zda 2007 y\u0131l\u0131nda enerji alan\u0131nda ba\u015flayan i\u015f hayat\u0131m\u0131za 2012 y\u0131l\u0131nda in\u015faat sekt\u00f6r\u00fc ile devam ettik. Bu s\u00fcre\u00e7te in\u015faatlarda kullan\u0131lan elektrik borular\u0131n\u0131n kalite ve sa\u011fl\u0131k a\u00e7\u0131s\u0131ndan ortaya \u00e7\u0131kard\u0131\u011f\u0131 problemleri test ettik. Bu k\u0131r\u0131lmaz sa\u011fl\u0131k ve konfor seviyesindeki kaliteyi g\u00f6z \u00f6n\u00fcnde bulundurarak plastik sekt\u00f6r\u00fcnde \u00fcretime ba\u015flad\u0131k. \u0130n\u015faatlarda kullan\u0131lan elektrik borular\u0131n\u0131n daha sa\u011fl\u0131kl\u0131 ve uzun \u00f6m\u00fcrl\u00fc olmas\u0131 ilkesini&#8230;<\/p>\n","protected":false},"author":1,"featured_media":0,"parent":0,"menu_order":0,"comment_status":"closed","ping_status":"closed","template":"","meta":{"inline_featured_image":false,"footnotes":""},"class_list":["post-13345","page","type-page","status-publish","hentry"],"jetpack_sharing_enabled":true,"_links":{"self":[{"href":"https:\/\/zamanplastik.com.tr\/index.php\/wp-json\/wp\/v2\/pages\/13345","targetHints":{"allow":["GET"]}}],"collection":[{"href":"https:\/\/zamanplastik.com.tr\/index.php\/wp-json\/wp\/v2\/pages"}],"about":[{"href":"https:\/\/zamanplastik.com.tr\/index.php\/wp-json\/wp\/v2\/types\/page"}],"author":[{"embeddable":true,"href":"https:\/\/zamanplastik.com.tr\/index.php\/wp-json\/wp\/v2\/users\/1"}],"replies":[{"embeddable":true,"href":"https:\/\/zamanplastik.com.tr\/index.php\/wp-json\/wp\/v2\/comments?post=13345"}],"version-history":[{"count":9,"href":"https:\/\/zamanplastik.com.tr\/index.php\/wp-json\/wp\/v2\/pages\/13345\/revisions"}],"predecessor-version":[{"id":987729,"href":"https:\/\/zamanplastik.com.tr\/index.php\/wp-json\/wp\/v2\/pages\/13345\/revisions\/987729"}],"wp:attachment":[{"href":"https:\/\/zamanplastik.com.tr\/index.php\/wp-json\/wp\/v2\/media?parent=13345"}],"curies":[{"name":"wp","href":"https:\/\/api.w.org\/{rel}","templated":true}]}}