{"id":17528,"date":"2023-09-30T16:28:42","date_gmt":"2023-09-30T13:28:42","guid":{"rendered":"https:\/\/zamanplastik.com.tr\/?page_id=17528"},"modified":"2025-08-28T17:44:15","modified_gmt":"2025-08-28T14:44:15","slug":"kasa-buat-cember-tokalari","status":"publish","type":"page","link":"https:\/\/zamanplastik.com.tr\/index.php\/products-solutions\/kasa-buat-cember-tokalari\/","title":{"rendered":"Kasa &#8211; Buat &#8211; \u00c7ember Tokalar\u0131"},"content":{"rendered":"<div class=\"vgblk-rw-wrapper limit-wrapper\">\n<h2>\n\tKasa &#8211; Buat &#8211; \u00c7ember Tokalar\u0131 <br \/><strong>\u00dcr\u00fcnleri<\/strong>\n\t<\/h2>\n\t\t\t\t\t\t\t<img loading=\"lazy\" decoding=\"async\" src=\"https:\/\/zamanplastik.com.tr\/wp-content\/uploads\/2025\/08\/sayfa-g.kasa_.png\" alt=\"sayfa g.kasa\" itemprop=\"image\" height=\"400\" width=\"400\" title=\"sayfa g.kasa\" onerror=\"this.style.display='none'\"  sizes=\"auto, (max-width: 768px) 100vw, 100vw\" srcset=\"https:\/\/zamanplastik.com.tr\/wp-content\/uploads\/2025\/08\/sayfa-g.kasa_.png 400w, https:\/\/zamanplastik.com.tr\/wp-content\/uploads\/2025\/08\/sayfa-g.kasa_-300x300.png 300w, https:\/\/zamanplastik.com.tr\/wp-content\/uploads\/2025\/08\/sayfa-g.kasa_-150x150.png 150w, https:\/\/zamanplastik.com.tr\/wp-content\/uploads\/2025\/08\/sayfa-g.kasa_-350x350.png 350w, https:\/\/zamanplastik.com.tr\/wp-content\/uploads\/2025\/08\/sayfa-g.kasa_-100x100.png 100w\" \/>\t\t\t\t\t\t\t\n<h4>\n\t\t\t<a href=\"https:\/\/zamanplastik.com.tr\/index.php\/halogen-free-yeni-nesil-gecmeli-kasa\/\" title=\"Halogen Free Yeni Nesil Ge\u00e7meli Kasa\" target=\"_self\">\n\tHalogen Free Yeni Nesil Ge\u00e7meli Kasa\n\t\t\t<\/a>\n\t<\/h4>\n\t\t\t\t\t\t\t<img loading=\"lazy\" decoding=\"async\" src=\"https:\/\/zamanplastik.com.tr\/wp-content\/uploads\/2025\/08\/sayfa-buat.png\" alt=\"sayfa buat\" itemprop=\"image\" height=\"400\" width=\"400\" title=\"sayfa buat\" onerror=\"this.style.display='none'\"  sizes=\"auto, (max-width: 768px) 100vw, 100vw\" srcset=\"https:\/\/zamanplastik.com.tr\/wp-content\/uploads\/2025\/08\/sayfa-buat.png 400w, https:\/\/zamanplastik.com.tr\/wp-content\/uploads\/2025\/08\/sayfa-buat-300x300.png 300w, https:\/\/zamanplastik.com.tr\/wp-content\/uploads\/2025\/08\/sayfa-buat-150x150.png 150w, https:\/\/zamanplastik.com.tr\/wp-content\/uploads\/2025\/08\/sayfa-buat-350x350.png 350w, https:\/\/zamanplastik.com.tr\/wp-content\/uploads\/2025\/08\/sayfa-buat-100x100.png 100w\" \/>\t\t\t\t\t\t\t\n<h4>\n\t\t\t<a href=\"https:\/\/zamanplastik.com.tr\/index.php\/halogen-free-norm-buat\/\" title=\"Halogen Free Norm Buat\" target=\"_self\">\n\tHalogen Free Norm Buat\n\t\t\t<\/a>\n\t<\/h4>\n\t\t\t\t\t\t\t<img loading=\"lazy\" decoding=\"async\" src=\"https:\/\/zamanplastik.com.tr\/wp-content\/uploads\/2023\/09\/3.jpg\" alt=\"3\" itemprop=\"image\" height=\"400\" width=\"400\" title=\"3\" onerror=\"this.style.display='none'\"  sizes=\"auto, (max-width: 768px) 100vw, 100vw\" srcset=\"https:\/\/zamanplastik.com.tr\/wp-content\/uploads\/2023\/09\/3.jpg 400w, https:\/\/zamanplastik.com.tr\/wp-content\/uploads\/2023\/09\/3-300x300.jpg 300w, https:\/\/zamanplastik.com.tr\/wp-content\/uploads\/2023\/09\/3-150x150.jpg 150w, https:\/\/zamanplastik.com.tr\/wp-content\/uploads\/2023\/09\/3-350x350.jpg 350w, https:\/\/zamanplastik.com.tr\/wp-content\/uploads\/2023\/09\/3-100x100.jpg 100w\" \/>\t\t\t\t\t\t\t\n<h4>\n\t\t\t<a href=\"https:\/\/zamanplastik.com.tr\/index.php\/halogen-free-norm-kasa\/\" title=\"Halogen Free Norm Kasa\" target=\"_self\">\n\tHalogen Free Norm Kasa\n\t\t\t<\/a>\n\t<\/h4>\n\t\t\t\t\t\t\t<img loading=\"lazy\" decoding=\"async\" src=\"https:\/\/zamanplastik.com.tr\/wp-content\/uploads\/2023\/09\/4.jpg\" alt=\"4\" itemprop=\"image\" height=\"400\" width=\"400\" title=\"4\" onerror=\"this.style.display='none'\"  sizes=\"auto, (max-width: 768px) 100vw, 100vw\" srcset=\"https:\/\/zamanplastik.com.tr\/wp-content\/uploads\/2023\/09\/4.jpg 400w, https:\/\/zamanplastik.com.tr\/wp-content\/uploads\/2023\/09\/4-300x300.jpg 300w, https:\/\/zamanplastik.com.tr\/wp-content\/uploads\/2023\/09\/4-150x150.jpg 150w, https:\/\/zamanplastik.com.tr\/wp-content\/uploads\/2023\/09\/4-350x350.jpg 350w, https:\/\/zamanplastik.com.tr\/wp-content\/uploads\/2023\/09\/4-100x100.jpg 100w\" \/>\t\t\t\t\t\t\t\n<h4>\n\t\t\t<a href=\"https:\/\/zamanplastik.com.tr\/index.php\/halogen-free-derin-kare-buatlar\/\" title=\"Halogen Free Derin Kare Buatlar\" target=\"_self\">\n\tHalogen Free Derin Kare Buatlar\n\t\t\t<\/a>\n\t<\/h4>\n\t\t\t\t\t\t\t<img loading=\"lazy\" decoding=\"async\" src=\"https:\/\/zamanplastik.com.tr\/wp-content\/uploads\/2023\/09\/5.jpg\" alt=\"5\" itemprop=\"image\" height=\"400\" width=\"400\" title=\"5\" onerror=\"this.style.display='none'\"  sizes=\"auto, (max-width: 768px) 100vw, 100vw\" srcset=\"https:\/\/zamanplastik.com.tr\/wp-content\/uploads\/2023\/09\/5.jpg 400w, https:\/\/zamanplastik.com.tr\/wp-content\/uploads\/2023\/09\/5-300x300.jpg 300w, https:\/\/zamanplastik.com.tr\/wp-content\/uploads\/2023\/09\/5-150x150.jpg 150w, https:\/\/zamanplastik.com.tr\/wp-content\/uploads\/2023\/09\/5-350x350.jpg 350w, https:\/\/zamanplastik.com.tr\/wp-content\/uploads\/2023\/09\/5-100x100.jpg 100w\" \/>\t\t\t\t\t\t\t\n<h4>\n\t\t\t<a href=\"https:\/\/zamanplastik.com.tr\/index.php\/yeni-nesil-gecmeli-kasa\/\" title=\"Yeni Nesil Ge\u00e7meli Kasa\" target=\"_self\">\n\tYeni Nesil Ge\u00e7meli Kasa\n\t\t\t<\/a>\n\t<\/h4>\n\t\t\t\t\t\t\t<img loading=\"lazy\" decoding=\"async\" src=\"https:\/\/zamanplastik.com.tr\/wp-content\/uploads\/2023\/09\/6.jpg\" alt=\"6\" itemprop=\"image\" height=\"400\" width=\"400\" title=\"6\" onerror=\"this.style.display='none'\"  sizes=\"auto, (max-width: 768px) 100vw, 100vw\" srcset=\"https:\/\/zamanplastik.com.tr\/wp-content\/uploads\/2023\/09\/6.jpg 400w, https:\/\/zamanplastik.com.tr\/wp-content\/uploads\/2023\/09\/6-300x300.jpg 300w, https:\/\/zamanplastik.com.tr\/wp-content\/uploads\/2023\/09\/6-150x150.jpg 150w, https:\/\/zamanplastik.com.tr\/wp-content\/uploads\/2023\/09\/6-350x350.jpg 350w, https:\/\/zamanplastik.com.tr\/wp-content\/uploads\/2023\/09\/6-100x100.jpg 100w\" \/>\t\t\t\t\t\t\t\n<h4>\n\t\t\t<a href=\"https:\/\/zamanplastik.com.tr\/index.php\/norm-buat\/\" title=\"Norm Buat\" target=\"_self\">\n\tNorm Buat\n\t\t\t<\/a>\n\t<\/h4>\n\t\t\t\t\t\t\t<img loading=\"lazy\" decoding=\"async\" src=\"https:\/\/zamanplastik.com.tr\/wp-content\/uploads\/2023\/09\/7.jpg\" alt=\"7\" itemprop=\"image\" height=\"400\" width=\"400\" title=\"7\" onerror=\"this.style.display='none'\"  sizes=\"auto, (max-width: 768px) 100vw, 100vw\" srcset=\"https:\/\/zamanplastik.com.tr\/wp-content\/uploads\/2023\/09\/7.jpg 400w, https:\/\/zamanplastik.com.tr\/wp-content\/uploads\/2023\/09\/7-300x300.jpg 300w, https:\/\/zamanplastik.com.tr\/wp-content\/uploads\/2023\/09\/7-150x150.jpg 150w, https:\/\/zamanplastik.com.tr\/wp-content\/uploads\/2023\/09\/7-350x350.jpg 350w, https:\/\/zamanplastik.com.tr\/wp-content\/uploads\/2023\/09\/7-100x100.jpg 100w\" \/>\t\t\t\t\t\t\t\n<h4>\n\t\t\t<a href=\"https:\/\/zamanplastik.com.tr\/index.php\/norm-kasa\/\" title=\"Norm Kasa\" target=\"_self\">\n\tNorm Kasa\n\t\t\t<\/a>\n\t<\/h4>\n\t\t\t\t\t\t\t<img loading=\"lazy\" decoding=\"async\" src=\"https:\/\/zamanplastik.com.tr\/wp-content\/uploads\/2023\/09\/8.jpg\" alt=\"8\" itemprop=\"image\" height=\"400\" width=\"400\" title=\"8\" onerror=\"this.style.display='none'\"  sizes=\"auto, (max-width: 768px) 100vw, 100vw\" srcset=\"https:\/\/zamanplastik.com.tr\/wp-content\/uploads\/2023\/09\/8.jpg 400w, https:\/\/zamanplastik.com.tr\/wp-content\/uploads\/2023\/09\/8-300x300.jpg 300w, https:\/\/zamanplastik.com.tr\/wp-content\/uploads\/2023\/09\/8-150x150.jpg 150w, https:\/\/zamanplastik.com.tr\/wp-content\/uploads\/2023\/09\/8-350x350.jpg 350w, https:\/\/zamanplastik.com.tr\/wp-content\/uploads\/2023\/09\/8-100x100.jpg 100w\" \/>\t\t\t\t\t\t\t\n<h4>\n\t\t\t<a href=\"https:\/\/zamanplastik.com.tr\/index.php\/derin-kare-buatlar\/\" title=\"Derin Kare Buatlar\" target=\"_self\">\n\tDerin Kare Buatlar\n\t\t\t<\/a>\n\t<\/h4>\n\t\t\t\t\t\t\t<img loading=\"lazy\" decoding=\"async\" src=\"https:\/\/zamanplastik.com.tr\/wp-content\/uploads\/2023\/09\/9.jpg\" alt=\"9\" itemprop=\"image\" height=\"400\" width=\"400\" title=\"9\" onerror=\"this.style.display='none'\"  sizes=\"auto, (max-width: 768px) 100vw, 100vw\" srcset=\"https:\/\/zamanplastik.com.tr\/wp-content\/uploads\/2023\/09\/9.jpg 400w, https:\/\/zamanplastik.com.tr\/wp-content\/uploads\/2023\/09\/9-300x300.jpg 300w, https:\/\/zamanplastik.com.tr\/wp-content\/uploads\/2023\/09\/9-150x150.jpg 150w, https:\/\/zamanplastik.com.tr\/wp-content\/uploads\/2023\/09\/9-350x350.jpg 350w, https:\/\/zamanplastik.com.tr\/wp-content\/uploads\/2023\/09\/9-100x100.jpg 100w\" \/>\t\t\t\t\t\t\t\n<h4>\n\t\t\t<a href=\"https:\/\/zamanplastik.com.tr\/index.php\/13x13-kare-buat-kapagi\/\" title=\"13x13 Kare Buat Kapa\u011f\u0131\" target=\"_self\">\n\t13&#215;13 Kare Buat Kapa\u011f\u0131\n\t\t\t<\/a>\n\t<\/h4>\n\t\t\t\t\t\t\t<img loading=\"lazy\" decoding=\"async\" src=\"https:\/\/zamanplastik.com.tr\/wp-content\/uploads\/2023\/09\/10.jpg\" alt=\"10\" itemprop=\"image\" height=\"400\" width=\"400\" title=\"10\" onerror=\"this.style.display='none'\"  sizes=\"auto, (max-width: 768px) 100vw, 100vw\" srcset=\"https:\/\/zamanplastik.com.tr\/wp-content\/uploads\/2023\/09\/10.jpg 400w, https:\/\/zamanplastik.com.tr\/wp-content\/uploads\/2023\/09\/10-300x300.jpg 300w, https:\/\/zamanplastik.com.tr\/wp-content\/uploads\/2023\/09\/10-150x150.jpg 150w, https:\/\/zamanplastik.com.tr\/wp-content\/uploads\/2023\/09\/10-350x350.jpg 350w, https:\/\/zamanplastik.com.tr\/wp-content\/uploads\/2023\/09\/10-100x100.jpg 100w\" \/>\t\t\t\t\t\t\t\n<h4>\n\t\t\t<a href=\"https:\/\/zamanplastik.com.tr\/index.php\/1616-kare-buat-kapagi\/\" title=\"16x16 Kare Buat Kapa\u011f\u0131\" target=\"_self\">\n\t16&#215;16 Kare Buat Kapa\u011f\u0131\n\t\t\t<\/a>\n\t<\/h4>\n\t\t\t\t\t\t\t<img loading=\"lazy\" decoding=\"async\" src=\"https:\/\/zamanplastik.com.tr\/wp-content\/uploads\/2023\/09\/11.jpg\" alt=\"11\" itemprop=\"image\" height=\"400\" width=\"400\" title=\"11\" onerror=\"this.style.display='none'\"  sizes=\"auto, (max-width: 768px) 100vw, 100vw\" srcset=\"https:\/\/zamanplastik.com.tr\/wp-content\/uploads\/2023\/09\/11.jpg 400w, https:\/\/zamanplastik.com.tr\/wp-content\/uploads\/2023\/09\/11-300x300.jpg 300w, https:\/\/zamanplastik.com.tr\/wp-content\/uploads\/2023\/09\/11-150x150.jpg 150w, https:\/\/zamanplastik.com.tr\/wp-content\/uploads\/2023\/09\/11-350x350.jpg 350w, https:\/\/zamanplastik.com.tr\/wp-content\/uploads\/2023\/09\/11-100x100.jpg 100w\" \/>\t\t\t\t\t\t\t\n<h4>\n\t\t\t<a href=\"https:\/\/zamanplastik.com.tr\/index.php\/lux-buat-kapagi\/\" title=\"L\u00fcx Buat Kapa\u011f\u0131\" target=\"_self\">\n\tL\u00fcx Buat Kapa\u011f\u0131\n\t\t\t<\/a>\n\t<\/h4>\n\t\t\t\t\t\t\t<img loading=\"lazy\" decoding=\"async\" src=\"https:\/\/zamanplastik.com.tr\/wp-content\/uploads\/2023\/09\/12.jpg\" alt=\"12\" itemprop=\"image\" height=\"400\" width=\"400\" title=\"12\" onerror=\"this.style.display='none'\"  sizes=\"auto, (max-width: 768px) 100vw, 100vw\" srcset=\"https:\/\/zamanplastik.com.tr\/wp-content\/uploads\/2023\/09\/12.jpg 400w, https:\/\/zamanplastik.com.tr\/wp-content\/uploads\/2023\/09\/12-300x300.jpg 300w, https:\/\/zamanplastik.com.tr\/wp-content\/uploads\/2023\/09\/12-150x150.jpg 150w, https:\/\/zamanplastik.com.tr\/wp-content\/uploads\/2023\/09\/12-350x350.jpg 350w, https:\/\/zamanplastik.com.tr\/wp-content\/uploads\/2023\/09\/12-100x100.jpg 100w\" \/>\t\t\t\t\t\t\t\n<h4>\n\t\t\t<a href=\"https:\/\/zamanplastik.com.tr\/index.php\/plastik-cember-tokasi\/\" title=\"Plastik \u00c7ember Tokas\u0131\" target=\"_self\">\n\tPlastik \u00c7ember Tokas\u0131\n\t\t\t<\/a>\n\t<\/h4>\n\n<\/div><!-- .vgblk-rw-wrapper -->","protected":false},"excerpt":{"rendered":"<p>Kasa &#8211; Buat &#8211; \u00c7ember Tokalar\u0131 \u00dcr\u00fcnleri Halogen Free Yeni Nesil Ge\u00e7meli Kasa Halogen Free Norm Buat Halogen Free Norm Kasa Halogen Free Derin Kare Buatlar Yeni Nesil Ge\u00e7meli Kasa Norm Buat Norm Kasa Derin Kare Buatlar 13&#215;13 Kare Buat Kapa\u011f\u0131 16&#215;16 Kare Buat Kapa\u011f\u0131 L\u00fcx Buat Kapa\u011f\u0131 Plastik \u00c7ember Tokas\u0131<\/p>\n","protected":false},"author":1,"featured_media":0,"parent":13334,"menu_order":0,"comment_status":"closed","ping_status":"closed","template":"","meta":{"inline_featured_image":false,"footnotes":""},"class_list":["post-17528","page","type-page","status-publish","hentry"],"jetpack_sharing_enabled":true,"_links":{"self":[{"href":"https:\/\/zamanplastik.com.tr\/index.php\/wp-json\/wp\/v2\/pages\/17528","targetHints":{"allow":["GET"]}}],"collection":[{"href":"https:\/\/zamanplastik.com.tr\/index.php\/wp-json\/wp\/v2\/pages"}],"about":[{"href":"https:\/\/zamanplastik.com.tr\/index.php\/wp-json\/wp\/v2\/types\/page"}],"author":[{"embeddable":true,"href":"https:\/\/zamanplastik.com.tr\/index.php\/wp-json\/wp\/v2\/users\/1"}],"replies":[{"embeddable":true,"href":"https:\/\/zamanplastik.com.tr\/index.php\/wp-json\/wp\/v2\/comments?post=17528"}],"version-history":[{"count":14,"href":"https:\/\/zamanplastik.com.tr\/index.php\/wp-json\/wp\/v2\/pages\/17528\/revisions"}],"predecessor-version":[{"id":987771,"href":"https:\/\/zamanplastik.com.tr\/index.php\/wp-json\/wp\/v2\/pages\/17528\/revisions\/987771"}],"up":[{"embeddable":true,"href":"https:\/\/zamanplastik.com.tr\/index.php\/wp-json\/wp\/v2\/pages\/13334"}],"wp:attachment":[{"href":"https:\/\/zamanplastik.com.tr\/index.php\/wp-json\/wp\/v2\/media?parent=17528"}],"curies":[{"name":"wp","href":"https:\/\/api.w.org\/{rel}","templated":true}]}}