{"id":17544,"date":"2023-09-30T17:10:32","date_gmt":"2023-09-30T14:10:32","guid":{"rendered":"https:\/\/zamanplastik.com.tr\/?page_id=17544"},"modified":"2023-10-01T14:16:30","modified_gmt":"2023-10-01T11:16:30","slug":"halogen-free-yeni-nesil-gecmeli-kasa","status":"publish","type":"page","link":"https:\/\/zamanplastik.com.tr\/index.php\/halogen-free-yeni-nesil-gecmeli-kasa\/","title":{"rendered":"Halogen Free Yeni Nesil Ge\u00e7meli Kasa"},"content":{"rendered":"<div class=\"vgblk-rw-wrapper limit-wrapper\">\n\n\t\t\t\t\t\t\t<img decoding=\"async\" loading=\"lazy\" src=\"https:\/\/zamanplastik.com.tr\/wp-content\/uploads\/2023\/09\/1.jpg\" alt=\"1\" itemprop=\"image\" height=\"400\" width=\"400\" title=\"1\" onerror=\"this.style.display='none'\"  sizes=\"auto, (max-width: 768px) 100vw, 100vw\" srcset=\"https:\/\/zamanplastik.com.tr\/wp-content\/uploads\/2023\/09\/1.jpg 400w, https:\/\/zamanplastik.com.tr\/wp-content\/uploads\/2023\/09\/1-300x300.jpg 300w, https:\/\/zamanplastik.com.tr\/wp-content\/uploads\/2023\/09\/1-150x150.jpg 150w, https:\/\/zamanplastik.com.tr\/wp-content\/uploads\/2023\/09\/1-350x350.jpg 350w, https:\/\/zamanplastik.com.tr\/wp-content\/uploads\/2023\/09\/1-100x100.jpg 100w\" \/>\t\t\t\t\t\t\t\n<h1>\n\t\tHalogen Free Yeni Nesil Ge\u00e7meli Kasa\n\t<\/h1>\n\t<p><strong>A\u00e7\u0131klama:<\/strong> Priz, anahtar priz, sat priz, sens\u00f6r vb. \u00fcr\u00fcnlerin enerji ba\u011flant\u0131lar\u0131n\u0131n gizlenmesi ve \u00fcr\u00fcnlerin y\u00fczeye montaj\u0131n\u0131 sa\u011flamakla birlikte kilit sistemi sayesinde birden fazla \u00fcr\u00fcn\u00fcn yan yana ve \u00fcr\u00fcnler aras\u0131 siva alt\u0131 kablo ge\u00e7i\u015fi sa\u011flanmaktad\u0131r.<\/p>\n<p>HALOGEN, asit gaz\u0131 olu\u015fmas\u0131 istenmeyen b\u00fct\u00fcn yap\u0131larda kullan\u0131larak yanmas\u0131 halinde \u00e7\u0131kan gaz insan sa\u011fl\u0131\u011f\u0131n\u0131 olumsuz etkilemez.<\/p>\n\t\t\t\t\t\t\t<img decoding=\"async\" loading=\"lazy\" src=\"https:\/\/zamanplastik.com.tr\/wp-content\/uploads\/2023\/09\/Ekran-Resmi-2023-09-30-17.15.49-1.png\" alt=\"Ekran Resmi 2023-09-30 17.15.49\" itemprop=\"image\" height=\"287\" width=\"1274\" title=\"Ekran Resmi 2023-09-30 17.15.49\" onerror=\"this.style.display='none'\"  sizes=\"auto, (max-width: 768px) 100vw, 100vw\" srcset=\"https:\/\/zamanplastik.com.tr\/wp-content\/uploads\/2023\/09\/Ekran-Resmi-2023-09-30-17.15.49-1.png 1274w, https:\/\/zamanplastik.com.tr\/wp-content\/uploads\/2023\/09\/Ekran-Resmi-2023-09-30-17.15.49-1-300x68.png 300w, https:\/\/zamanplastik.com.tr\/wp-content\/uploads\/2023\/09\/Ekran-Resmi-2023-09-30-17.15.49-1-1024x231.png 1024w, https:\/\/zamanplastik.com.tr\/wp-content\/uploads\/2023\/09\/Ekran-Resmi-2023-09-30-17.15.49-1-768x173.png 768w, https:\/\/zamanplastik.com.tr\/wp-content\/uploads\/2023\/09\/Ekran-Resmi-2023-09-30-17.15.49-1-700x158.png 700w, https:\/\/zamanplastik.com.tr\/wp-content\/uploads\/2023\/09\/Ekran-Resmi-2023-09-30-17.15.49-1-466x105.png 466w, https:\/\/zamanplastik.com.tr\/wp-content\/uploads\/2023\/09\/Ekran-Resmi-2023-09-30-17.15.49-1-933x210.png 933w, https:\/\/zamanplastik.com.tr\/wp-content\/uploads\/2023\/09\/Ekran-Resmi-2023-09-30-17.15.49-1-350x79.png 350w\" \/>\t\t\t\t\t\t\t\n\t<a href=\"https:\/\/zamanplastik.com.tr\/index.php\/fiyat-teklif-formu\/\" target=\"_self\" role=\"button\" rel=\"noopener\">\n\t\t\t\t\tTeklif Al\n\t<\/a>\n\n<\/div><!-- .vgblk-rw-wrapper -->","protected":false},"excerpt":{"rendered":"<p>Halogen Free Yeni Nesil Ge\u00e7meli Kasa A\u00e7\u0131klama: Priz, anahtar priz, sat priz, sens\u00f6r vb. \u00fcr\u00fcnlerin enerji ba\u011flant\u0131lar\u0131n\u0131n gizlenmesi ve \u00fcr\u00fcnlerin y\u00fczeye montaj\u0131n\u0131 sa\u011flamakla birlikte kilit sistemi sayesinde birden fazla \u00fcr\u00fcn\u00fcn yan yana ve \u00fcr\u00fcnler aras\u0131 siva alt\u0131 kablo ge\u00e7i\u015fi sa\u011flanmaktad\u0131r. HALOGEN, asit gaz\u0131 olu\u015fmas\u0131 istenmeyen b\u00fct\u00fcn yap\u0131larda kullan\u0131larak yanmas\u0131 halinde \u00e7\u0131kan gaz insan sa\u011fl\u0131\u011f\u0131n\u0131 olumsuz&#8230;<\/p>\n","protected":false},"author":1,"featured_media":0,"parent":0,"menu_order":0,"comment_status":"closed","ping_status":"closed","template":"","meta":{"inline_featured_image":false,"footnotes":""},"class_list":["post-17544","page","type-page","status-publish","hentry"],"jetpack_sharing_enabled":true,"_links":{"self":[{"href":"https:\/\/zamanplastik.com.tr\/index.php\/wp-json\/wp\/v2\/pages\/17544","targetHints":{"allow":["GET"]}}],"collection":[{"href":"https:\/\/zamanplastik.com.tr\/index.php\/wp-json\/wp\/v2\/pages"}],"about":[{"href":"https:\/\/zamanplastik.com.tr\/index.php\/wp-json\/wp\/v2\/types\/page"}],"author":[{"embeddable":true,"href":"https:\/\/zamanplastik.com.tr\/index.php\/wp-json\/wp\/v2\/users\/1"}],"replies":[{"embeddable":true,"href":"https:\/\/zamanplastik.com.tr\/index.php\/wp-json\/wp\/v2\/comments?post=17544"}],"version-history":[{"count":5,"href":"https:\/\/zamanplastik.com.tr\/index.php\/wp-json\/wp\/v2\/pages\/17544\/revisions"}],"predecessor-version":[{"id":17695,"href":"https:\/\/zamanplastik.com.tr\/index.php\/wp-json\/wp\/v2\/pages\/17544\/revisions\/17695"}],"wp:attachment":[{"href":"https:\/\/zamanplastik.com.tr\/index.php\/wp-json\/wp\/v2\/media?parent=17544"}],"curies":[{"name":"wp","href":"https:\/\/api.w.org\/{rel}","templated":true}]}}