{"id":17556,"date":"2023-09-30T17:30:22","date_gmt":"2023-09-30T14:30:22","guid":{"rendered":"https:\/\/zamanplastik.com.tr\/?page_id=17556"},"modified":"2023-10-01T14:17:40","modified_gmt":"2023-10-01T11:17:40","slug":"halogen-free-norm-kasa","status":"publish","type":"page","link":"https:\/\/zamanplastik.com.tr\/index.php\/halogen-free-norm-kasa\/","title":{"rendered":"Halogen Free Norm Kasa"},"content":{"rendered":"<div class=\"vgblk-rw-wrapper limit-wrapper\">\n\n\t\t\t\t\t\t\t<img decoding=\"async\" loading=\"lazy\" src=\"https:\/\/zamanplastik.com.tr\/wp-content\/uploads\/2023\/09\/3.jpg\" alt=\"3\" itemprop=\"image\" height=\"400\" width=\"400\" title=\"3\" onerror=\"this.style.display='none'\"  sizes=\"auto, (max-width: 768px) 100vw, 100vw\" srcset=\"https:\/\/zamanplastik.com.tr\/wp-content\/uploads\/2023\/09\/3.jpg 400w, https:\/\/zamanplastik.com.tr\/wp-content\/uploads\/2023\/09\/3-300x300.jpg 300w, https:\/\/zamanplastik.com.tr\/wp-content\/uploads\/2023\/09\/3-150x150.jpg 150w, https:\/\/zamanplastik.com.tr\/wp-content\/uploads\/2023\/09\/3-350x350.jpg 350w, https:\/\/zamanplastik.com.tr\/wp-content\/uploads\/2023\/09\/3-100x100.jpg 100w\" \/>\t\t\t\t\t\t\t\n<h1>\n\t\tHalogen Free Norm Kasa\n\t<\/h1>\n\t<p><strong>A\u00e7\u0131klama:<\/strong> Priz, anahtar priz, sens\u00f6r vb. \u00fcr\u00fcnlerin istenilen b\u00f6lgene 1 adet i\u00e7in kullan\u0131l\u0131p enerji b\u00f6lgelerinin gizlenmesi ve \u00fcr\u00fcnlerin y\u00fczeye montaj\u0131n\u0131 sa\u011flamak i\u00e7in kullan\u0131lmaktad\u0131r.<\/p>\n<p>HALOGEN, asit gaz\u0131 olu\u015fmas\u0131 istenmeyen b\u00fct\u00fcn yap\u0131larda kullan\u0131larak yanmas\u0131 halinde \u00e7\u0131kan gaz insan sa\u011fl\u0131\u011f\u0131n\u0131 olumsuz etkilemez.<\/p>\n\t\t\t\t\t\t\t<img decoding=\"async\" loading=\"lazy\" src=\"https:\/\/zamanplastik.com.tr\/wp-content\/uploads\/2023\/09\/Ekran-Resmi-2023-09-30-17.29.17.png\" alt=\"Ekran Resmi 2023-09-30 17.29.17\" itemprop=\"image\" height=\"280\" width=\"1204\" title=\"Ekran Resmi 2023-09-30 17.29.17\" onerror=\"this.style.display='none'\"  sizes=\"auto, (max-width: 768px) 100vw, 100vw\" srcset=\"https:\/\/zamanplastik.com.tr\/wp-content\/uploads\/2023\/09\/Ekran-Resmi-2023-09-30-17.29.17.png 1204w, https:\/\/zamanplastik.com.tr\/wp-content\/uploads\/2023\/09\/Ekran-Resmi-2023-09-30-17.29.17-300x70.png 300w, https:\/\/zamanplastik.com.tr\/wp-content\/uploads\/2023\/09\/Ekran-Resmi-2023-09-30-17.29.17-1024x238.png 1024w, https:\/\/zamanplastik.com.tr\/wp-content\/uploads\/2023\/09\/Ekran-Resmi-2023-09-30-17.29.17-768x179.png 768w, https:\/\/zamanplastik.com.tr\/wp-content\/uploads\/2023\/09\/Ekran-Resmi-2023-09-30-17.29.17-700x163.png 700w, https:\/\/zamanplastik.com.tr\/wp-content\/uploads\/2023\/09\/Ekran-Resmi-2023-09-30-17.29.17-466x108.png 466w, https:\/\/zamanplastik.com.tr\/wp-content\/uploads\/2023\/09\/Ekran-Resmi-2023-09-30-17.29.17-933x217.png 933w, https:\/\/zamanplastik.com.tr\/wp-content\/uploads\/2023\/09\/Ekran-Resmi-2023-09-30-17.29.17-350x81.png 350w\" \/>\t\t\t\t\t\t\t\n\t<a href=\"https:\/\/zamanplastik.com.tr\/index.php\/fiyat-teklif-formu\/\" target=\"_self\" role=\"button\" rel=\"noopener\">\n\t\t\t\t\tTeklif Al\n\t<\/a>\n\n<\/div><!-- .vgblk-rw-wrapper -->","protected":false},"excerpt":{"rendered":"<p>Halogen Free Norm Kasa A\u00e7\u0131klama: Priz, anahtar priz, sens\u00f6r vb. \u00fcr\u00fcnlerin istenilen b\u00f6lgene 1 adet i\u00e7in kullan\u0131l\u0131p enerji b\u00f6lgelerinin gizlenmesi ve \u00fcr\u00fcnlerin y\u00fczeye montaj\u0131n\u0131 sa\u011flamak i\u00e7in kullan\u0131lmaktad\u0131r. HALOGEN, asit gaz\u0131 olu\u015fmas\u0131 istenmeyen b\u00fct\u00fcn yap\u0131larda kullan\u0131larak yanmas\u0131 halinde \u00e7\u0131kan gaz insan sa\u011fl\u0131\u011f\u0131n\u0131 olumsuz etkilemez. Teklif Al<\/p>\n","protected":false},"author":1,"featured_media":0,"parent":0,"menu_order":0,"comment_status":"closed","ping_status":"closed","template":"","meta":{"inline_featured_image":false,"footnotes":""},"class_list":["post-17556","page","type-page","status-publish","hentry"],"jetpack_sharing_enabled":true,"_links":{"self":[{"href":"https:\/\/zamanplastik.com.tr\/index.php\/wp-json\/wp\/v2\/pages\/17556","targetHints":{"allow":["GET"]}}],"collection":[{"href":"https:\/\/zamanplastik.com.tr\/index.php\/wp-json\/wp\/v2\/pages"}],"about":[{"href":"https:\/\/zamanplastik.com.tr\/index.php\/wp-json\/wp\/v2\/types\/page"}],"author":[{"embeddable":true,"href":"https:\/\/zamanplastik.com.tr\/index.php\/wp-json\/wp\/v2\/users\/1"}],"replies":[{"embeddable":true,"href":"https:\/\/zamanplastik.com.tr\/index.php\/wp-json\/wp\/v2\/comments?post=17556"}],"version-history":[{"count":3,"href":"https:\/\/zamanplastik.com.tr\/index.php\/wp-json\/wp\/v2\/pages\/17556\/revisions"}],"predecessor-version":[{"id":17697,"href":"https:\/\/zamanplastik.com.tr\/index.php\/wp-json\/wp\/v2\/pages\/17556\/revisions\/17697"}],"wp:attachment":[{"href":"https:\/\/zamanplastik.com.tr\/index.php\/wp-json\/wp\/v2\/media?parent=17556"}],"curies":[{"name":"wp","href":"https:\/\/api.w.org\/{rel}","templated":true}]}}