{"id":17560,"date":"2023-09-30T17:34:17","date_gmt":"2023-09-30T14:34:17","guid":{"rendered":"https:\/\/zamanplastik.com.tr\/?page_id=17560"},"modified":"2023-10-01T14:18:14","modified_gmt":"2023-10-01T11:18:14","slug":"halogen-free-derin-kare-buatlar","status":"publish","type":"page","link":"https:\/\/zamanplastik.com.tr\/index.php\/halogen-free-derin-kare-buatlar\/","title":{"rendered":"Halogen Free Derin Kare Buatlar"},"content":{"rendered":"<div class=\"vgblk-rw-wrapper limit-wrapper\">\n\n\t\t\t\t\t\t\t<img decoding=\"async\" loading=\"lazy\" src=\"https:\/\/zamanplastik.com.tr\/wp-content\/uploads\/2023\/09\/4.jpg\" alt=\"4\" itemprop=\"image\" height=\"400\" width=\"400\" title=\"4\" onerror=\"this.style.display='none'\"  sizes=\"auto, (max-width: 768px) 100vw, 100vw\" srcset=\"https:\/\/zamanplastik.com.tr\/wp-content\/uploads\/2023\/09\/4.jpg 400w, https:\/\/zamanplastik.com.tr\/wp-content\/uploads\/2023\/09\/4-300x300.jpg 300w, https:\/\/zamanplastik.com.tr\/wp-content\/uploads\/2023\/09\/4-150x150.jpg 150w, https:\/\/zamanplastik.com.tr\/wp-content\/uploads\/2023\/09\/4-350x350.jpg 350w, https:\/\/zamanplastik.com.tr\/wp-content\/uploads\/2023\/09\/4-100x100.jpg 100w\" \/>\t\t\t\t\t\t\t\n<h1>\n\t\tHalogen Free Derin Kare Buatlar\n\t<\/h1>\n\t<p><strong>A\u00e7\u0131klama:<\/strong> Kablolama i\u015flemlerin de kablolar\u0131n toplama ve da\u011f\u0131tma merkezi olarak kullan\u0131larak derin ve b\u00f6l\u00fcnebilir olmas\u0131 \u00f6zelli\u011fi ile birden fazla farkl\u0131 t\u00fcrde kablonun ayn\u0131 yerde toplanmas\u0131n\u0131 sa\u011flar.<\/p>\n<p>HALOGEN, asit gaz\u0131 olu\u015fmas\u0131 istenmeyen b\u00fct\u00fcn yap\u0131larda kullan\u0131larak yanmas\u0131 halinde \u00e7\u0131kan gaz insan sa\u011fl\u0131\u011f\u0131n\u0131 olumsuz etkilemez.<\/p>\n\t\t\t\t\t\t\t<img decoding=\"async\" loading=\"lazy\" src=\"https:\/\/zamanplastik.com.tr\/wp-content\/uploads\/2023\/09\/Ekran-Resmi-2023-09-30-17.35.05.png\" alt=\"Ekran Resmi 2023-09-30 17.35.05\" itemprop=\"image\" height=\"435\" width=\"1239\" title=\"Ekran Resmi 2023-09-30 17.35.05\" onerror=\"this.style.display='none'\"  sizes=\"auto, (max-width: 768px) 100vw, 100vw\" srcset=\"https:\/\/zamanplastik.com.tr\/wp-content\/uploads\/2023\/09\/Ekran-Resmi-2023-09-30-17.35.05.png 1239w, https:\/\/zamanplastik.com.tr\/wp-content\/uploads\/2023\/09\/Ekran-Resmi-2023-09-30-17.35.05-300x105.png 300w, https:\/\/zamanplastik.com.tr\/wp-content\/uploads\/2023\/09\/Ekran-Resmi-2023-09-30-17.35.05-1024x360.png 1024w, https:\/\/zamanplastik.com.tr\/wp-content\/uploads\/2023\/09\/Ekran-Resmi-2023-09-30-17.35.05-768x270.png 768w, https:\/\/zamanplastik.com.tr\/wp-content\/uploads\/2023\/09\/Ekran-Resmi-2023-09-30-17.35.05-700x246.png 700w, https:\/\/zamanplastik.com.tr\/wp-content\/uploads\/2023\/09\/Ekran-Resmi-2023-09-30-17.35.05-466x164.png 466w, https:\/\/zamanplastik.com.tr\/wp-content\/uploads\/2023\/09\/Ekran-Resmi-2023-09-30-17.35.05-933x328.png 933w, https:\/\/zamanplastik.com.tr\/wp-content\/uploads\/2023\/09\/Ekran-Resmi-2023-09-30-17.35.05-350x123.png 350w\" \/>\t\t\t\t\t\t\t\n\t<a href=\"https:\/\/zamanplastik.com.tr\/index.php\/fiyat-teklif-formu\/\" target=\"_self\" role=\"button\" rel=\"noopener\">\n\t\t\t\t\tTeklif Al\n\t<\/a>\n\n<\/div><!-- .vgblk-rw-wrapper -->","protected":false},"excerpt":{"rendered":"<p>Halogen Free Derin Kare Buatlar A\u00e7\u0131klama: Kablolama i\u015flemlerin de kablolar\u0131n toplama ve da\u011f\u0131tma merkezi olarak kullan\u0131larak derin ve b\u00f6l\u00fcnebilir olmas\u0131 \u00f6zelli\u011fi ile birden fazla farkl\u0131 t\u00fcrde kablonun ayn\u0131 yerde toplanmas\u0131n\u0131 sa\u011flar. HALOGEN, asit gaz\u0131 olu\u015fmas\u0131 istenmeyen b\u00fct\u00fcn yap\u0131larda kullan\u0131larak yanmas\u0131 halinde \u00e7\u0131kan gaz insan sa\u011fl\u0131\u011f\u0131n\u0131 olumsuz etkilemez. Teklif Al<\/p>\n","protected":false},"author":1,"featured_media":0,"parent":0,"menu_order":0,"comment_status":"closed","ping_status":"closed","template":"","meta":{"inline_featured_image":false,"footnotes":""},"class_list":["post-17560","page","type-page","status-publish","hentry"],"jetpack_sharing_enabled":true,"_links":{"self":[{"href":"https:\/\/zamanplastik.com.tr\/index.php\/wp-json\/wp\/v2\/pages\/17560","targetHints":{"allow":["GET"]}}],"collection":[{"href":"https:\/\/zamanplastik.com.tr\/index.php\/wp-json\/wp\/v2\/pages"}],"about":[{"href":"https:\/\/zamanplastik.com.tr\/index.php\/wp-json\/wp\/v2\/types\/page"}],"author":[{"embeddable":true,"href":"https:\/\/zamanplastik.com.tr\/index.php\/wp-json\/wp\/v2\/users\/1"}],"replies":[{"embeddable":true,"href":"https:\/\/zamanplastik.com.tr\/index.php\/wp-json\/wp\/v2\/comments?post=17560"}],"version-history":[{"count":3,"href":"https:\/\/zamanplastik.com.tr\/index.php\/wp-json\/wp\/v2\/pages\/17560\/revisions"}],"predecessor-version":[{"id":17698,"href":"https:\/\/zamanplastik.com.tr\/index.php\/wp-json\/wp\/v2\/pages\/17560\/revisions\/17698"}],"wp:attachment":[{"href":"https:\/\/zamanplastik.com.tr\/index.php\/wp-json\/wp\/v2\/media?parent=17560"}],"curies":[{"name":"wp","href":"https:\/\/api.w.org\/{rel}","templated":true}]}}