{"id":17568,"date":"2023-09-30T17:46:28","date_gmt":"2023-09-30T14:46:28","guid":{"rendered":"https:\/\/zamanplastik.com.tr\/?page_id=17568"},"modified":"2023-10-01T14:19:42","modified_gmt":"2023-10-01T11:19:42","slug":"norm-buat","status":"publish","type":"page","link":"https:\/\/zamanplastik.com.tr\/index.php\/norm-buat\/","title":{"rendered":"Norm Buat"},"content":{"rendered":"<div class=\"vgblk-rw-wrapper limit-wrapper\">\n\n\t\t\t\t\t\t\t<img decoding=\"async\" loading=\"lazy\" src=\"https:\/\/zamanplastik.com.tr\/wp-content\/uploads\/2023\/09\/6.jpg\" alt=\"6\" itemprop=\"image\" height=\"400\" width=\"400\" title=\"6\" onerror=\"this.style.display='none'\"  sizes=\"auto, (max-width: 768px) 100vw, 100vw\" srcset=\"https:\/\/zamanplastik.com.tr\/wp-content\/uploads\/2023\/09\/6.jpg 400w, https:\/\/zamanplastik.com.tr\/wp-content\/uploads\/2023\/09\/6-300x300.jpg 300w, https:\/\/zamanplastik.com.tr\/wp-content\/uploads\/2023\/09\/6-150x150.jpg 150w, https:\/\/zamanplastik.com.tr\/wp-content\/uploads\/2023\/09\/6-350x350.jpg 350w, https:\/\/zamanplastik.com.tr\/wp-content\/uploads\/2023\/09\/6-100x100.jpg 100w\" \/>\t\t\t\t\t\t\t\n<h1>\n\t\tHalogen Free Yeni Nesil Ge\u00e7meli Kasa\n\t<\/h1>\n\t<p><strong>A\u00e7\u0131klama:<\/strong> Kablolama i\u015flemlerinde kablolar\u0131n toplama ve da\u011f\u0131tma merkezi olarak kullan\u0131lmaktad\u0131r.<\/p>\n\t\t\t\t\t\t\t<img decoding=\"async\" loading=\"lazy\" src=\"https:\/\/zamanplastik.com.tr\/wp-content\/uploads\/2023\/09\/Ekran-Resmi-2023-09-30-17.45.51.png\" alt=\"Ekran Resmi 2023-09-30 17.45.51\" itemprop=\"image\" height=\"290\" width=\"1156\" title=\"Ekran Resmi 2023-09-30 17.45.51\" onerror=\"this.style.display='none'\"  sizes=\"auto, (max-width: 768px) 100vw, 100vw\" srcset=\"https:\/\/zamanplastik.com.tr\/wp-content\/uploads\/2023\/09\/Ekran-Resmi-2023-09-30-17.45.51.png 1156w, https:\/\/zamanplastik.com.tr\/wp-content\/uploads\/2023\/09\/Ekran-Resmi-2023-09-30-17.45.51-300x75.png 300w, https:\/\/zamanplastik.com.tr\/wp-content\/uploads\/2023\/09\/Ekran-Resmi-2023-09-30-17.45.51-1024x257.png 1024w, https:\/\/zamanplastik.com.tr\/wp-content\/uploads\/2023\/09\/Ekran-Resmi-2023-09-30-17.45.51-768x193.png 768w, https:\/\/zamanplastik.com.tr\/wp-content\/uploads\/2023\/09\/Ekran-Resmi-2023-09-30-17.45.51-700x176.png 700w, https:\/\/zamanplastik.com.tr\/wp-content\/uploads\/2023\/09\/Ekran-Resmi-2023-09-30-17.45.51-466x117.png 466w, https:\/\/zamanplastik.com.tr\/wp-content\/uploads\/2023\/09\/Ekran-Resmi-2023-09-30-17.45.51-933x234.png 933w, https:\/\/zamanplastik.com.tr\/wp-content\/uploads\/2023\/09\/Ekran-Resmi-2023-09-30-17.45.51-350x88.png 350w\" \/>\t\t\t\t\t\t\t\n\t<a href=\"https:\/\/zamanplastik.com.tr\/index.php\/fiyat-teklif-formu\/\" target=\"_self\" role=\"button\" rel=\"noopener\">\n\t\t\t\t\tTeklif Al\n\t<\/a>\n\n<\/div><!-- .vgblk-rw-wrapper -->","protected":false},"excerpt":{"rendered":"<p>Halogen Free Yeni Nesil Ge\u00e7meli Kasa A\u00e7\u0131klama: Kablolama i\u015flemlerinde kablolar\u0131n toplama ve da\u011f\u0131tma merkezi olarak kullan\u0131lmaktad\u0131r. Teklif Al<\/p>\n","protected":false},"author":1,"featured_media":0,"parent":0,"menu_order":0,"comment_status":"closed","ping_status":"closed","template":"","meta":{"inline_featured_image":false,"footnotes":""},"class_list":["post-17568","page","type-page","status-publish","hentry"],"jetpack_sharing_enabled":true,"_links":{"self":[{"href":"https:\/\/zamanplastik.com.tr\/index.php\/wp-json\/wp\/v2\/pages\/17568","targetHints":{"allow":["GET"]}}],"collection":[{"href":"https:\/\/zamanplastik.com.tr\/index.php\/wp-json\/wp\/v2\/pages"}],"about":[{"href":"https:\/\/zamanplastik.com.tr\/index.php\/wp-json\/wp\/v2\/types\/page"}],"author":[{"embeddable":true,"href":"https:\/\/zamanplastik.com.tr\/index.php\/wp-json\/wp\/v2\/users\/1"}],"replies":[{"embeddable":true,"href":"https:\/\/zamanplastik.com.tr\/index.php\/wp-json\/wp\/v2\/comments?post=17568"}],"version-history":[{"count":3,"href":"https:\/\/zamanplastik.com.tr\/index.php\/wp-json\/wp\/v2\/pages\/17568\/revisions"}],"predecessor-version":[{"id":17700,"href":"https:\/\/zamanplastik.com.tr\/index.php\/wp-json\/wp\/v2\/pages\/17568\/revisions\/17700"}],"wp:attachment":[{"href":"https:\/\/zamanplastik.com.tr\/index.php\/wp-json\/wp\/v2\/media?parent=17568"}],"curies":[{"name":"wp","href":"https:\/\/api.w.org\/{rel}","templated":true}]}}