{"id":17573,"date":"2023-09-30T17:49:43","date_gmt":"2023-09-30T14:49:43","guid":{"rendered":"https:\/\/zamanplastik.com.tr\/?page_id=17573"},"modified":"2023-10-01T14:20:22","modified_gmt":"2023-10-01T11:20:22","slug":"norm-kasa","status":"publish","type":"page","link":"https:\/\/zamanplastik.com.tr\/index.php\/norm-kasa\/","title":{"rendered":"Norm Kasa"},"content":{"rendered":"<div class=\"vgblk-rw-wrapper limit-wrapper\">\n\n\t\t\t\t\t\t\t<img decoding=\"async\" loading=\"lazy\" src=\"https:\/\/zamanplastik.com.tr\/wp-content\/uploads\/2023\/09\/7.jpg\" alt=\"7\" itemprop=\"image\" height=\"400\" width=\"400\" title=\"7\" onerror=\"this.style.display='none'\"  sizes=\"auto, (max-width: 768px) 100vw, 100vw\" srcset=\"https:\/\/zamanplastik.com.tr\/wp-content\/uploads\/2023\/09\/7.jpg 400w, https:\/\/zamanplastik.com.tr\/wp-content\/uploads\/2023\/09\/7-300x300.jpg 300w, https:\/\/zamanplastik.com.tr\/wp-content\/uploads\/2023\/09\/7-150x150.jpg 150w, https:\/\/zamanplastik.com.tr\/wp-content\/uploads\/2023\/09\/7-350x350.jpg 350w, https:\/\/zamanplastik.com.tr\/wp-content\/uploads\/2023\/09\/7-100x100.jpg 100w\" \/>\t\t\t\t\t\t\t\n<h1>\n\t\tNorm Kasa\n\t<\/h1>\n\t<p><strong>A\u00e7\u0131klama:<\/strong> Priz, anahtar priz, sat priz sens\u00f6r vb. \u00fcr\u00fcnlerin istenilen b\u00f6lgene 1 adet kullan\u0131l\u0131p enerji b\u00f6lgelerinin gizlenmesini ve \u00fcr\u00fcnlerin y\u00fczeye montaj\u0131n\u0131 sa\u011flamak i\u00e7in kullan\u0131lmaktad\u0131r.<\/p>\n\t\t\t\t\t\t\t<img decoding=\"async\" loading=\"lazy\" src=\"https:\/\/zamanplastik.com.tr\/wp-content\/uploads\/2023\/09\/Ekran-Resmi-2023-09-30-17.48.58.png\" alt=\"Ekran Resmi 2023-09-30 17.48.58\" itemprop=\"image\" height=\"306\" width=\"1162\" title=\"Ekran Resmi 2023-09-30 17.48.58\" onerror=\"this.style.display='none'\"  sizes=\"auto, (max-width: 768px) 100vw, 100vw\" srcset=\"https:\/\/zamanplastik.com.tr\/wp-content\/uploads\/2023\/09\/Ekran-Resmi-2023-09-30-17.48.58.png 1162w, https:\/\/zamanplastik.com.tr\/wp-content\/uploads\/2023\/09\/Ekran-Resmi-2023-09-30-17.48.58-300x79.png 300w, https:\/\/zamanplastik.com.tr\/wp-content\/uploads\/2023\/09\/Ekran-Resmi-2023-09-30-17.48.58-1024x270.png 1024w, https:\/\/zamanplastik.com.tr\/wp-content\/uploads\/2023\/09\/Ekran-Resmi-2023-09-30-17.48.58-768x202.png 768w, https:\/\/zamanplastik.com.tr\/wp-content\/uploads\/2023\/09\/Ekran-Resmi-2023-09-30-17.48.58-700x184.png 700w, https:\/\/zamanplastik.com.tr\/wp-content\/uploads\/2023\/09\/Ekran-Resmi-2023-09-30-17.48.58-466x123.png 466w, https:\/\/zamanplastik.com.tr\/wp-content\/uploads\/2023\/09\/Ekran-Resmi-2023-09-30-17.48.58-933x246.png 933w, https:\/\/zamanplastik.com.tr\/wp-content\/uploads\/2023\/09\/Ekran-Resmi-2023-09-30-17.48.58-350x92.png 350w\" \/>\t\t\t\t\t\t\t\n\t<a href=\"https:\/\/zamanplastik.com.tr\/index.php\/fiyat-teklif-formu\/\" target=\"_self\" role=\"button\" rel=\"noopener\">\n\t\t\t\t\tTeklif Al\n\t<\/a>\n\n<\/div><!-- .vgblk-rw-wrapper -->","protected":false},"excerpt":{"rendered":"<p>Norm Kasa A\u00e7\u0131klama: Priz, anahtar priz, sat priz sens\u00f6r vb. \u00fcr\u00fcnlerin istenilen b\u00f6lgene 1 adet kullan\u0131l\u0131p enerji b\u00f6lgelerinin gizlenmesini ve \u00fcr\u00fcnlerin y\u00fczeye montaj\u0131n\u0131 sa\u011flamak i\u00e7in kullan\u0131lmaktad\u0131r. Teklif Al<\/p>\n","protected":false},"author":1,"featured_media":0,"parent":0,"menu_order":0,"comment_status":"closed","ping_status":"closed","template":"","meta":{"inline_featured_image":false,"footnotes":""},"class_list":["post-17573","page","type-page","status-publish","hentry"],"jetpack_sharing_enabled":true,"_links":{"self":[{"href":"https:\/\/zamanplastik.com.tr\/index.php\/wp-json\/wp\/v2\/pages\/17573","targetHints":{"allow":["GET"]}}],"collection":[{"href":"https:\/\/zamanplastik.com.tr\/index.php\/wp-json\/wp\/v2\/pages"}],"about":[{"href":"https:\/\/zamanplastik.com.tr\/index.php\/wp-json\/wp\/v2\/types\/page"}],"author":[{"embeddable":true,"href":"https:\/\/zamanplastik.com.tr\/index.php\/wp-json\/wp\/v2\/users\/1"}],"replies":[{"embeddable":true,"href":"https:\/\/zamanplastik.com.tr\/index.php\/wp-json\/wp\/v2\/comments?post=17573"}],"version-history":[{"count":3,"href":"https:\/\/zamanplastik.com.tr\/index.php\/wp-json\/wp\/v2\/pages\/17573\/revisions"}],"predecessor-version":[{"id":17701,"href":"https:\/\/zamanplastik.com.tr\/index.php\/wp-json\/wp\/v2\/pages\/17573\/revisions\/17701"}],"wp:attachment":[{"href":"https:\/\/zamanplastik.com.tr\/index.php\/wp-json\/wp\/v2\/media?parent=17573"}],"curies":[{"name":"wp","href":"https:\/\/api.w.org\/{rel}","templated":true}]}}