{"id":17578,"date":"2023-09-30T17:55:17","date_gmt":"2023-09-30T14:55:17","guid":{"rendered":"https:\/\/zamanplastik.com.tr\/?page_id=17578"},"modified":"2023-10-01T14:21:24","modified_gmt":"2023-10-01T11:21:24","slug":"derin-kare-buatlar","status":"publish","type":"page","link":"https:\/\/zamanplastik.com.tr\/index.php\/derin-kare-buatlar\/","title":{"rendered":"Derin Kare Buatlar"},"content":{"rendered":"<div class=\"vgblk-rw-wrapper limit-wrapper\">\n\n\t\t\t\t\t\t\t<img decoding=\"async\" loading=\"lazy\" src=\"https:\/\/zamanplastik.com.tr\/wp-content\/uploads\/2023\/09\/8.jpg\" alt=\"8\" itemprop=\"image\" height=\"400\" width=\"400\" title=\"8\" onerror=\"this.style.display='none'\"  sizes=\"auto, (max-width: 768px) 100vw, 100vw\" srcset=\"https:\/\/zamanplastik.com.tr\/wp-content\/uploads\/2023\/09\/8.jpg 400w, https:\/\/zamanplastik.com.tr\/wp-content\/uploads\/2023\/09\/8-300x300.jpg 300w, https:\/\/zamanplastik.com.tr\/wp-content\/uploads\/2023\/09\/8-150x150.jpg 150w, https:\/\/zamanplastik.com.tr\/wp-content\/uploads\/2023\/09\/8-350x350.jpg 350w, https:\/\/zamanplastik.com.tr\/wp-content\/uploads\/2023\/09\/8-100x100.jpg 100w\" \/>\t\t\t\t\t\t\t\n<h1>\n\t\tDerin Kare Buatlar\n\t<\/h1>\n\t<p><strong>A\u00e7\u0131klama:<\/strong> Kablolama i\u015flemlerin de kablolar\u0131n toplama ve da\u011f\u0131tma merkezi olarak kullan\u0131larak derin ve b\u00f6l\u00fcnebilir olmas\u0131 \u00f6zelli\u011fi ile birden fazla farkl\u0131 t\u00fcrde kablonun ayn\u0131 yerde toplanmas\u0131n\u0131 sa\u011flar.<\/p>\n\t\t\t\t\t\t\t<img decoding=\"async\" loading=\"lazy\" src=\"https:\/\/zamanplastik.com.tr\/wp-content\/uploads\/2023\/09\/Ekran-Resmi-2023-09-30-17.53.37.png\" alt=\"Ekran Resmi 2023-09-30 17.53.37\" itemprop=\"image\" height=\"424\" width=\"1172\" title=\"Ekran Resmi 2023-09-30 17.53.37\" onerror=\"this.style.display='none'\"  sizes=\"auto, (max-width: 768px) 100vw, 100vw\" srcset=\"https:\/\/zamanplastik.com.tr\/wp-content\/uploads\/2023\/09\/Ekran-Resmi-2023-09-30-17.53.37.png 1172w, https:\/\/zamanplastik.com.tr\/wp-content\/uploads\/2023\/09\/Ekran-Resmi-2023-09-30-17.53.37-300x109.png 300w, https:\/\/zamanplastik.com.tr\/wp-content\/uploads\/2023\/09\/Ekran-Resmi-2023-09-30-17.53.37-1024x370.png 1024w, https:\/\/zamanplastik.com.tr\/wp-content\/uploads\/2023\/09\/Ekran-Resmi-2023-09-30-17.53.37-768x278.png 768w, https:\/\/zamanplastik.com.tr\/wp-content\/uploads\/2023\/09\/Ekran-Resmi-2023-09-30-17.53.37-700x253.png 700w, https:\/\/zamanplastik.com.tr\/wp-content\/uploads\/2023\/09\/Ekran-Resmi-2023-09-30-17.53.37-466x169.png 466w, https:\/\/zamanplastik.com.tr\/wp-content\/uploads\/2023\/09\/Ekran-Resmi-2023-09-30-17.53.37-933x338.png 933w, https:\/\/zamanplastik.com.tr\/wp-content\/uploads\/2023\/09\/Ekran-Resmi-2023-09-30-17.53.37-350x127.png 350w\" \/>\t\t\t\t\t\t\t\n\t<a href=\"https:\/\/zamanplastik.com.tr\/index.php\/fiyat-teklif-formu\/\" target=\"_self\" role=\"button\" rel=\"noopener\">\n\t\t\t\t\tTeklif Al\n\t<\/a>\n\n<\/div><!-- .vgblk-rw-wrapper -->","protected":false},"excerpt":{"rendered":"<p>Derin Kare Buatlar A\u00e7\u0131klama: Kablolama i\u015flemlerin de kablolar\u0131n toplama ve da\u011f\u0131tma merkezi olarak kullan\u0131larak derin ve b\u00f6l\u00fcnebilir olmas\u0131 \u00f6zelli\u011fi ile birden fazla farkl\u0131 t\u00fcrde kablonun ayn\u0131 yerde toplanmas\u0131n\u0131 sa\u011flar. Teklif Al<\/p>\n","protected":false},"author":1,"featured_media":0,"parent":0,"menu_order":0,"comment_status":"closed","ping_status":"closed","template":"","meta":{"inline_featured_image":false,"footnotes":""},"class_list":["post-17578","page","type-page","status-publish","hentry"],"jetpack_sharing_enabled":true,"_links":{"self":[{"href":"https:\/\/zamanplastik.com.tr\/index.php\/wp-json\/wp\/v2\/pages\/17578","targetHints":{"allow":["GET"]}}],"collection":[{"href":"https:\/\/zamanplastik.com.tr\/index.php\/wp-json\/wp\/v2\/pages"}],"about":[{"href":"https:\/\/zamanplastik.com.tr\/index.php\/wp-json\/wp\/v2\/types\/page"}],"author":[{"embeddable":true,"href":"https:\/\/zamanplastik.com.tr\/index.php\/wp-json\/wp\/v2\/users\/1"}],"replies":[{"embeddable":true,"href":"https:\/\/zamanplastik.com.tr\/index.php\/wp-json\/wp\/v2\/comments?post=17578"}],"version-history":[{"count":3,"href":"https:\/\/zamanplastik.com.tr\/index.php\/wp-json\/wp\/v2\/pages\/17578\/revisions"}],"predecessor-version":[{"id":17702,"href":"https:\/\/zamanplastik.com.tr\/index.php\/wp-json\/wp\/v2\/pages\/17578\/revisions\/17702"}],"wp:attachment":[{"href":"https:\/\/zamanplastik.com.tr\/index.php\/wp-json\/wp\/v2\/media?parent=17578"}],"curies":[{"name":"wp","href":"https:\/\/api.w.org\/{rel}","templated":true}]}}