{"id":17582,"date":"2023-09-30T17:58:02","date_gmt":"2023-09-30T14:58:02","guid":{"rendered":"https:\/\/zamanplastik.com.tr\/?page_id=17582"},"modified":"2023-10-01T14:22:02","modified_gmt":"2023-10-01T11:22:02","slug":"13x13-kare-buat-kapagi","status":"publish","type":"page","link":"https:\/\/zamanplastik.com.tr\/index.php\/13x13-kare-buat-kapagi\/","title":{"rendered":"13&#215;13 Kare Buat Kapa\u011f\u0131"},"content":{"rendered":"<div class=\"vgblk-rw-wrapper limit-wrapper\">\n\n\t\t\t\t\t\t\t<img decoding=\"async\" loading=\"lazy\" src=\"https:\/\/zamanplastik.com.tr\/wp-content\/uploads\/2023\/09\/9.jpg\" alt=\"9\" itemprop=\"image\" height=\"400\" width=\"400\" title=\"9\" onerror=\"this.style.display='none'\"  sizes=\"auto, (max-width: 768px) 100vw, 100vw\" srcset=\"https:\/\/zamanplastik.com.tr\/wp-content\/uploads\/2023\/09\/9.jpg 400w, https:\/\/zamanplastik.com.tr\/wp-content\/uploads\/2023\/09\/9-300x300.jpg 300w, https:\/\/zamanplastik.com.tr\/wp-content\/uploads\/2023\/09\/9-150x150.jpg 150w, https:\/\/zamanplastik.com.tr\/wp-content\/uploads\/2023\/09\/9-350x350.jpg 350w, https:\/\/zamanplastik.com.tr\/wp-content\/uploads\/2023\/09\/9-100x100.jpg 100w\" \/>\t\t\t\t\t\t\t\n<h1>\n\t\t13&#215;13 Kare Buat Kapa\u011f\u0131\n\t<\/h1>\n\t<p><strong>A\u00e7\u0131klama:<\/strong> Kablo toplama ve da\u011f\u0131t\u0131m alanlar\u0131 vb. b\u00f6l\u00fcmlerin gizlenmesi ve k\u00f6t\u00fc g\u00f6r\u00fcnt\u00fcn\u00fcn ortadan kald\u0131r\u0131lmas\u0131 i\u00e7in kullan\u0131l\u0131r<\/p>\n\t\t\t\t\t\t\t<img decoding=\"async\" loading=\"lazy\" src=\"https:\/\/zamanplastik.com.tr\/wp-content\/uploads\/2023\/09\/Ekran-Resmi-2023-09-30-17.58.27.png\" alt=\"Ekran Resmi 2023-09-30 17.58.27\" itemprop=\"image\" height=\"304\" width=\"1174\" title=\"Ekran Resmi 2023-09-30 17.58.27\" onerror=\"this.style.display='none'\"  sizes=\"auto, (max-width: 768px) 100vw, 100vw\" srcset=\"https:\/\/zamanplastik.com.tr\/wp-content\/uploads\/2023\/09\/Ekran-Resmi-2023-09-30-17.58.27.png 1174w, https:\/\/zamanplastik.com.tr\/wp-content\/uploads\/2023\/09\/Ekran-Resmi-2023-09-30-17.58.27-300x78.png 300w, https:\/\/zamanplastik.com.tr\/wp-content\/uploads\/2023\/09\/Ekran-Resmi-2023-09-30-17.58.27-1024x265.png 1024w, https:\/\/zamanplastik.com.tr\/wp-content\/uploads\/2023\/09\/Ekran-Resmi-2023-09-30-17.58.27-768x199.png 768w, https:\/\/zamanplastik.com.tr\/wp-content\/uploads\/2023\/09\/Ekran-Resmi-2023-09-30-17.58.27-700x181.png 700w, https:\/\/zamanplastik.com.tr\/wp-content\/uploads\/2023\/09\/Ekran-Resmi-2023-09-30-17.58.27-466x121.png 466w, https:\/\/zamanplastik.com.tr\/wp-content\/uploads\/2023\/09\/Ekran-Resmi-2023-09-30-17.58.27-933x242.png 933w, https:\/\/zamanplastik.com.tr\/wp-content\/uploads\/2023\/09\/Ekran-Resmi-2023-09-30-17.58.27-350x91.png 350w\" \/>\t\t\t\t\t\t\t\n\t<a href=\"https:\/\/zamanplastik.com.tr\/index.php\/fiyat-teklif-formu\/\" target=\"_self\" role=\"button\" rel=\"noopener\">\n\t\t\t\t\tTeklif Al\n\t<\/a>\n\n<\/div><!-- .vgblk-rw-wrapper -->","protected":false},"excerpt":{"rendered":"<p>13&#215;13 Kare Buat Kapa\u011f\u0131 A\u00e7\u0131klama: Kablo toplama ve da\u011f\u0131t\u0131m alanlar\u0131 vb. b\u00f6l\u00fcmlerin gizlenmesi ve k\u00f6t\u00fc g\u00f6r\u00fcnt\u00fcn\u00fcn ortadan kald\u0131r\u0131lmas\u0131 i\u00e7in kullan\u0131l\u0131r Teklif Al<\/p>\n","protected":false},"author":1,"featured_media":0,"parent":0,"menu_order":0,"comment_status":"closed","ping_status":"closed","template":"","meta":{"inline_featured_image":false,"footnotes":""},"class_list":["post-17582","page","type-page","status-publish","hentry"],"jetpack_sharing_enabled":true,"_links":{"self":[{"href":"https:\/\/zamanplastik.com.tr\/index.php\/wp-json\/wp\/v2\/pages\/17582","targetHints":{"allow":["GET"]}}],"collection":[{"href":"https:\/\/zamanplastik.com.tr\/index.php\/wp-json\/wp\/v2\/pages"}],"about":[{"href":"https:\/\/zamanplastik.com.tr\/index.php\/wp-json\/wp\/v2\/types\/page"}],"author":[{"embeddable":true,"href":"https:\/\/zamanplastik.com.tr\/index.php\/wp-json\/wp\/v2\/users\/1"}],"replies":[{"embeddable":true,"href":"https:\/\/zamanplastik.com.tr\/index.php\/wp-json\/wp\/v2\/comments?post=17582"}],"version-history":[{"count":3,"href":"https:\/\/zamanplastik.com.tr\/index.php\/wp-json\/wp\/v2\/pages\/17582\/revisions"}],"predecessor-version":[{"id":17703,"href":"https:\/\/zamanplastik.com.tr\/index.php\/wp-json\/wp\/v2\/pages\/17582\/revisions\/17703"}],"wp:attachment":[{"href":"https:\/\/zamanplastik.com.tr\/index.php\/wp-json\/wp\/v2\/media?parent=17582"}],"curies":[{"name":"wp","href":"https:\/\/api.w.org\/{rel}","templated":true}]}}