{"id":17603,"date":"2023-09-30T18:22:43","date_gmt":"2023-09-30T15:22:43","guid":{"rendered":"https:\/\/zamanplastik.com.tr\/?page_id=17603"},"modified":"2024-12-01T15:00:10","modified_gmt":"2024-12-01T12:00:10","slug":"ekonomik-seri-6-atu-halogen-free-kangal-elektrik-borulari","status":"publish","type":"page","link":"https:\/\/zamanplastik.com.tr\/index.php\/ekonomik-seri-6-atu-halogen-free-kangal-elektrik-borulari\/","title":{"rendered":"Ekonomik Seri (6 At\u00fc) Halogen Free Kangal Elektrik Borular\u0131"},"content":{"rendered":"<div class=\"vgblk-rw-wrapper limit-wrapper\">\n\n\t<p>D\u0131\u015f bas\u0131nc\u0131n ve mekanik zorlamalar\u0131n az oldu\u011fu; S\u0131va \u00fcst\u00fcnde, siva alt\u0131nda, al\u00e7\u0131pan, \u00d6rme duvar, asma tavan i\u00e7inde hafif hizmet tipi her t\u00fcrl\u00fc tesisatta g\u00fcvenle kullan\u0131labilen, polietilen elektrik tesisat borular\u0131 \u00d814- \u00d826 mm \u00e7aplar\u0131nda olup, -Halojen, asit gaz\u0131 olu\u015fmas\u0131 istenmeyen b\u00fct\u00fcn yap\u0131larda kullan\u0131l\u0131r, yanmas\u0131 durumunda \u00e7\u0131kan gaz insan sa\u011fl\u0131\u011f\u0131n\u0131 olumsuz etkilemez.<\/p>\n&#8211; Standartlara uygun \u015fekilde \u00fcretilmektedir.<br \/>\n&#8211; Kangal halinde \u00fcretilen borular; kablo \u00e7ekiminde rahatl\u0131k, i\u015f\u00e7ilik tasarrufu ve ek par\u00e7a kullan\u0131lmamas\u0131 gibi bir \u00e7ok konuda avantaj sa\u011flamaktad\u0131r.\n\t\t\t\t\t\t\t<img decoding=\"async\" loading=\"lazy\" src=\"https:\/\/zamanplastik.com.tr\/wp-content\/uploads\/2023\/09\/1-1.jpg\" alt=\"1\" itemprop=\"image\" height=\"400\" width=\"400\" title=\"1\" onerror=\"this.style.display='none'\"  sizes=\"auto, (max-width: 768px) 100vw, 100vw\" srcset=\"https:\/\/zamanplastik.com.tr\/wp-content\/uploads\/2023\/09\/1-1.jpg 400w, https:\/\/zamanplastik.com.tr\/wp-content\/uploads\/2023\/09\/1-1-300x300.jpg 300w, https:\/\/zamanplastik.com.tr\/wp-content\/uploads\/2023\/09\/1-1-150x150.jpg 150w, https:\/\/zamanplastik.com.tr\/wp-content\/uploads\/2023\/09\/1-1-350x350.jpg 350w, https:\/\/zamanplastik.com.tr\/wp-content\/uploads\/2023\/09\/1-1-100x100.jpg 100w\" \/>\t\t\t\t\t\t\t\n\t\t\t\t\t\t\t<img decoding=\"async\" loading=\"lazy\" src=\"https:\/\/zamanplastik.com.tr\/wp-content\/uploads\/2023\/09\/1-oz-1.jpg\" alt=\"1-oz\" itemprop=\"image\" height=\"192\" width=\"735\" title=\"1-oz\" onerror=\"this.style.display='none'\"  sizes=\"auto, (max-width: 768px) 100vw, 100vw\" srcset=\"https:\/\/zamanplastik.com.tr\/wp-content\/uploads\/2023\/09\/1-oz-1.jpg 735w, https:\/\/zamanplastik.com.tr\/wp-content\/uploads\/2023\/09\/1-oz-1-300x78.jpg 300w, https:\/\/zamanplastik.com.tr\/wp-content\/uploads\/2023\/09\/1-oz-1-700x183.jpg 700w, https:\/\/zamanplastik.com.tr\/wp-content\/uploads\/2023\/09\/1-oz-1-466x122.jpg 466w, https:\/\/zamanplastik.com.tr\/wp-content\/uploads\/2023\/09\/1-oz-1-350x91.jpg 350w\" \/>\t\t\t\t\t\t\t\n\n<\/div><!-- .vgblk-rw-wrapper -->","protected":false},"excerpt":{"rendered":"<p>D\u0131\u015f bas\u0131nc\u0131n ve mekanik zorlamalar\u0131n az oldu\u011fu; S\u0131va \u00fcst\u00fcnde, siva alt\u0131nda, al\u00e7\u0131pan, \u00d6rme duvar, asma tavan i\u00e7inde hafif hizmet tipi her t\u00fcrl\u00fc tesisatta g\u00fcvenle kullan\u0131labilen, polietilen elektrik tesisat borular\u0131 \u00d814- \u00d826 mm \u00e7aplar\u0131nda olup, -Halojen, asit gaz\u0131 olu\u015fmas\u0131 istenmeyen b\u00fct\u00fcn yap\u0131larda kullan\u0131l\u0131r, yanmas\u0131 durumunda \u00e7\u0131kan gaz insan sa\u011fl\u0131\u011f\u0131n\u0131 olumsuz etkilemez. &#8211; Standartlara uygun \u015fekilde \u00fcretilmektedir&#8230;.<\/p>\n","protected":false},"author":1,"featured_media":0,"parent":0,"menu_order":0,"comment_status":"closed","ping_status":"closed","template":"","meta":{"inline_featured_image":false,"footnotes":""},"class_list":["post-17603","page","type-page","status-publish","hentry"],"jetpack_sharing_enabled":true,"_links":{"self":[{"href":"https:\/\/zamanplastik.com.tr\/index.php\/wp-json\/wp\/v2\/pages\/17603","targetHints":{"allow":["GET"]}}],"collection":[{"href":"https:\/\/zamanplastik.com.tr\/index.php\/wp-json\/wp\/v2\/pages"}],"about":[{"href":"https:\/\/zamanplastik.com.tr\/index.php\/wp-json\/wp\/v2\/types\/page"}],"author":[{"embeddable":true,"href":"https:\/\/zamanplastik.com.tr\/index.php\/wp-json\/wp\/v2\/users\/1"}],"replies":[{"embeddable":true,"href":"https:\/\/zamanplastik.com.tr\/index.php\/wp-json\/wp\/v2\/comments?post=17603"}],"version-history":[{"count":3,"href":"https:\/\/zamanplastik.com.tr\/index.php\/wp-json\/wp\/v2\/pages\/17603\/revisions"}],"predecessor-version":[{"id":17640,"href":"https:\/\/zamanplastik.com.tr\/index.php\/wp-json\/wp\/v2\/pages\/17603\/revisions\/17640"}],"wp:attachment":[{"href":"https:\/\/zamanplastik.com.tr\/index.php\/wp-json\/wp\/v2\/media?parent=17603"}],"curies":[{"name":"wp","href":"https:\/\/api.w.org\/{rel}","templated":true}]}}