{"id":17631,"date":"2023-09-30T18:54:29","date_gmt":"2023-09-30T15:54:29","guid":{"rendered":"https:\/\/zamanplastik.com.tr\/?page_id=17631"},"modified":"2023-10-01T10:17:30","modified_gmt":"2023-10-01T07:17:30","slug":"ekonomik-seri-10-atu-kangal-su-borulari","status":"publish","type":"page","link":"https:\/\/zamanplastik.com.tr\/index.php\/ekonomik-seri-10-atu-kangal-su-borulari\/","title":{"rendered":"Ekonomik Seri (10 At\u00fc) Kangal Su Borular\u0131"},"content":{"rendered":"<div class=\"vgblk-rw-wrapper limit-wrapper\">\n\n\t<p>\u0130\u00e7me suyu hatlar\u0131nda, ya\u011fmurlama sulama borusu olarak tar\u0131msal sulamada, end\u00fcstriyel \u00fcretim tesislerinin kimyasallar\u0131n\u0131n ta\u015f\u0131nmas\u0131nda ve her t\u00fcrl\u00fc s\u0131v\u0131 nakil i\u015flemlerinde kullan\u0131lmaktad\u0131r.<\/p>\n&#8211; Esneme kabiliyetine sahiptir.<br \/>\n&#8211; Darbe dayan\u0131m\u0131 ve \u00e7atlak yay\u0131l\u0131m direnci azd\u0131r.<br \/>\n&#8211; Borular\u0131n i\u00e7 y\u00fczeyleri p\u00fcr\u00fczs\u00fczd\u00fcr, proje \u00e7ap se\u00e7iminde avantaj sa\u011flar<br \/>\n&#8211; Beli\u015fmi\u015f birle\u015ftirme y\u00f6ntemleri sayesinde firesiz montaj olana\u011f\u0131 sa\u011flar.<br \/>\n&#8211; En az 50 y\u0131l s\u00fcre ile nominal i\u015fletme bas\u0131nc\u0131nda sorunsuz \u00e7al\u0131\u015f\u0131r.<br \/>\n&#8211; Toprakta bulunan a\u015f\u0131nd\u0131r\u0131c\u0131 maddelerden etkilenmez.<br \/>\n&#8211; Suyun kokusunu ve tad\u0131n\u0131 de\u011fi\u015ftirmez, sa\u011fl\u0131\u011fa uygundur.<br \/>\n&#8211; Bitki ve a\u011fa\u00e7 k\u00f6klerinin borular\u0131n i\u00e7ine girmesi m\u00fcmk\u00fcn de\u011fildir.\n\t\t\t\t\t\t\t<img decoding=\"async\" loading=\"lazy\" src=\"https:\/\/zamanplastik.com.tr\/wp-content\/uploads\/2023\/09\/5-1.jpg\" alt=\"5\" itemprop=\"image\" height=\"400\" width=\"400\" title=\"5\" onerror=\"this.style.display='none'\"  sizes=\"auto, (max-width: 768px) 100vw, 100vw\" srcset=\"https:\/\/zamanplastik.com.tr\/wp-content\/uploads\/2023\/09\/5-1.jpg 400w, https:\/\/zamanplastik.com.tr\/wp-content\/uploads\/2023\/09\/5-1-300x300.jpg 300w, https:\/\/zamanplastik.com.tr\/wp-content\/uploads\/2023\/09\/5-1-150x150.jpg 150w, https:\/\/zamanplastik.com.tr\/wp-content\/uploads\/2023\/09\/5-1-350x350.jpg 350w, https:\/\/zamanplastik.com.tr\/wp-content\/uploads\/2023\/09\/5-1-100x100.jpg 100w\" \/>\t\t\t\t\t\t\t\n\t\t\t\t\t\t\t<img decoding=\"async\" loading=\"lazy\" src=\"https:\/\/zamanplastik.com.tr\/wp-content\/uploads\/2023\/09\/oz7.jpg\" alt=\"oz7\" itemprop=\"image\" height=\"142\" width=\"544\" title=\"oz7\" onerror=\"this.style.display='none'\"  sizes=\"auto, (max-width: 768px) 100vw, 100vw\" srcset=\"https:\/\/zamanplastik.com.tr\/wp-content\/uploads\/2023\/09\/oz7.jpg 544w, https:\/\/zamanplastik.com.tr\/wp-content\/uploads\/2023\/09\/oz7-300x78.jpg 300w, https:\/\/zamanplastik.com.tr\/wp-content\/uploads\/2023\/09\/oz7-466x122.jpg 466w, https:\/\/zamanplastik.com.tr\/wp-content\/uploads\/2023\/09\/oz7-350x91.jpg 350w\" \/>\t\t\t\t\t\t\t\n\n<\/div><!-- .vgblk-rw-wrapper -->","protected":false},"excerpt":{"rendered":"<p>\u0130\u00e7me suyu hatlar\u0131nda, ya\u011fmurlama sulama borusu olarak tar\u0131msal sulamada, end\u00fcstriyel \u00fcretim tesislerinin kimyasallar\u0131n\u0131n ta\u015f\u0131nmas\u0131nda ve her t\u00fcrl\u00fc s\u0131v\u0131 nakil i\u015flemlerinde kullan\u0131lmaktad\u0131r. &#8211; Esneme kabiliyetine sahiptir. &#8211; Darbe dayan\u0131m\u0131 ve \u00e7atlak yay\u0131l\u0131m direnci azd\u0131r. &#8211; Borular\u0131n i\u00e7 y\u00fczeyleri p\u00fcr\u00fczs\u00fczd\u00fcr, proje \u00e7ap se\u00e7iminde avantaj sa\u011flar &#8211; Beli\u015fmi\u015f birle\u015ftirme y\u00f6ntemleri sayesinde firesiz montaj olana\u011f\u0131 sa\u011flar. &#8211; En az&#8230;<\/p>\n","protected":false},"author":1,"featured_media":0,"parent":0,"menu_order":0,"comment_status":"closed","ping_status":"closed","template":"","meta":{"inline_featured_image":false,"footnotes":""},"class_list":["post-17631","page","type-page","status-publish","hentry"],"jetpack_sharing_enabled":true,"_links":{"self":[{"href":"https:\/\/zamanplastik.com.tr\/index.php\/wp-json\/wp\/v2\/pages\/17631","targetHints":{"allow":["GET"]}}],"collection":[{"href":"https:\/\/zamanplastik.com.tr\/index.php\/wp-json\/wp\/v2\/pages"}],"about":[{"href":"https:\/\/zamanplastik.com.tr\/index.php\/wp-json\/wp\/v2\/types\/page"}],"author":[{"embeddable":true,"href":"https:\/\/zamanplastik.com.tr\/index.php\/wp-json\/wp\/v2\/users\/1"}],"replies":[{"embeddable":true,"href":"https:\/\/zamanplastik.com.tr\/index.php\/wp-json\/wp\/v2\/comments?post=17631"}],"version-history":[{"count":3,"href":"https:\/\/zamanplastik.com.tr\/index.php\/wp-json\/wp\/v2\/pages\/17631\/revisions"}],"predecessor-version":[{"id":17648,"href":"https:\/\/zamanplastik.com.tr\/index.php\/wp-json\/wp\/v2\/pages\/17631\/revisions\/17648"}],"wp:attachment":[{"href":"https:\/\/zamanplastik.com.tr\/index.php\/wp-json\/wp\/v2\/media?parent=17631"}],"curies":[{"name":"wp","href":"https:\/\/api.w.org\/{rel}","templated":true}]}}