{"id":17683,"date":"2023-10-01T13:31:29","date_gmt":"2023-10-01T10:31:29","guid":{"rendered":"https:\/\/zamanplastik.com.tr\/?page_id=17683"},"modified":"2023-10-01T19:56:39","modified_gmt":"2023-10-01T16:56:39","slug":"kalite-politikasi","status":"publish","type":"page","link":"https:\/\/zamanplastik.com.tr\/index.php\/kalite-politikasi\/","title":{"rendered":"Kalite Politikas\u0131"},"content":{"rendered":"<div class=\"vgblk-rw-wrapper limit-wrapper\">\n\n\t<p><strong>KURULU\u015eUMUZUN ENTEGRE S\u0130STEM POL\u0130T\u0130KASI<\/strong><\/p>\n<p>Altyap\u0131 ve \u00dcstyap\u0131 plastik kablo muhafaza borular\u0131, birle\u015ftirme kutular\u0131 ve ek elemanlar\u0131 \u00dcreten kurulu\u015fumuz\u00a0<strong>m\u00fc\u015fteri odakl\u0131<\/strong> \u00e7al\u0131\u015fan, i\u00e7 ve d\u0131\u015f t\u00fcm payda\u015flar\u0131m\u0131z\u0131n <strong>memnuniyetini<\/strong>\u00a0\u00f6n planda tutan, teknolojik geli\u015fmeleri yak\u0131ndan takip eden; etkin, verimli, rekabet\u00e7i, \u00dcst\u00fcn performansa odaklanm\u0131\u015f bir\u00a0<strong>kalite k\u00fclt\u00fcr\u00fc<\/strong>\u00a0olu\u015fturmay\u0131 ve bunun devaml\u0131l\u0131\u011f\u0131n\u0131 sa\u011flamay\u0131 hedef edinmi\u015ftir.<\/p>\n<p>Bu hedefi sa\u011flamak i\u00e7in kalite y\u00f6netim sistemimizin\u00a0<strong>s\u00fcrekli iyile\u015ftirilmesine<\/strong>\u00a0yo\u011funla\u015fm\u0131\u015f,\u00a0<strong>\u00e7evreye ve insana duyarl\u0131<\/strong>, etik de\u011ferlerinden taviz vermeyen, \u00e7al\u0131\u015fanlar\u0131n\u0131n ve \u00e7al\u0131\u015fma ortam\u0131n\u0131n\u00a0<strong>g\u00fcvenlik<\/strong>\u00a0tedbirlerini alan, t\u00fcm proseslerini izleyen ve tespit edilen\u00a0<strong>risk<\/strong>lerle ilgili dinamik bir \u015fekilde aksiyon planlayan, ilgili yasalara ve mevzuat \u015fartlar\u0131na ba\u011fl\u0131, t\u00fcm payda\u015flar\u0131m\u0131z\u0131n eri\u015fimine a\u00e7\u0131k,\u00a0<strong>\u015feffaf y\u00f6netim<\/strong>\u00a0ilkelerini benimsemi\u015f bir kurulu\u015f olmay\u0131 taahh\u00fct etmektedir.<\/p>\n\t\t\t\t\t\t\t<img decoding=\"async\" loading=\"lazy\" src=\"https:\/\/zamanplastik.com.tr\/wp-content\/uploads\/2023\/10\/belge-724x1024.jpg\" alt=\"belge\" itemprop=\"image\" height=\"1024\" width=\"724\" title=\"belge\" onerror=\"this.style.display='none'\"  sizes=\"auto, (max-width: 768px) 100vw, 100vw\" srcset=\"https:\/\/zamanplastik.com.tr\/wp-content\/uploads\/2023\/10\/belge-724x1024.jpg 724w, https:\/\/zamanplastik.com.tr\/wp-content\/uploads\/2023\/10\/belge-212x300.jpg 212w, https:\/\/zamanplastik.com.tr\/wp-content\/uploads\/2023\/10\/belge-768x1087.jpg 768w, https:\/\/zamanplastik.com.tr\/wp-content\/uploads\/2023\/10\/belge-1085x1536.jpg 1085w, https:\/\/zamanplastik.com.tr\/wp-content\/uploads\/2023\/10\/belge-1447x2048.jpg 1447w, https:\/\/zamanplastik.com.tr\/wp-content\/uploads\/2023\/10\/belge-1400x1981.jpg 1400w, https:\/\/zamanplastik.com.tr\/wp-content\/uploads\/2023\/10\/belge-700x991.jpg 700w, https:\/\/zamanplastik.com.tr\/wp-content\/uploads\/2023\/10\/belge-466x659.jpg 466w, https:\/\/zamanplastik.com.tr\/wp-content\/uploads\/2023\/10\/belge-933x1320.jpg 933w, https:\/\/zamanplastik.com.tr\/wp-content\/uploads\/2023\/10\/belge-350x495.jpg 350w, https:\/\/zamanplastik.com.tr\/wp-content\/uploads\/2023\/10\/belge-scaled.jpg 1809w\" \/>\t\t\t\t\t\t\t\n\n<\/div><!-- .vgblk-rw-wrapper -->","protected":false},"excerpt":{"rendered":"<p>KURULU\u015eUMUZUN ENTEGRE S\u0130STEM POL\u0130T\u0130KASI Altyap\u0131 ve \u00dcstyap\u0131 plastik kablo muhafaza borular\u0131, birle\u015ftirme kutular\u0131 ve ek elemanlar\u0131 \u00dcreten kurulu\u015fumuz\u00a0m\u00fc\u015fteri odakl\u0131 \u00e7al\u0131\u015fan, i\u00e7 ve d\u0131\u015f t\u00fcm payda\u015flar\u0131m\u0131z\u0131n memnuniyetini\u00a0\u00f6n planda tutan, teknolojik geli\u015fmeleri yak\u0131ndan takip eden; etkin, verimli, rekabet\u00e7i, \u00dcst\u00fcn performansa odaklanm\u0131\u015f bir\u00a0kalite k\u00fclt\u00fcr\u00fc\u00a0olu\u015fturmay\u0131 ve bunun devaml\u0131l\u0131\u011f\u0131n\u0131 sa\u011flamay\u0131 hedef edinmi\u015ftir. Bu hedefi sa\u011flamak i\u00e7in kalite y\u00f6netim sistemimizin\u00a0s\u00fcrekli iyile\u015ftirilmesine\u00a0yo\u011funla\u015fm\u0131\u015f,\u00a0\u00e7evreye&#8230;<\/p>\n","protected":false},"author":1,"featured_media":0,"parent":0,"menu_order":0,"comment_status":"closed","ping_status":"closed","template":"","meta":{"inline_featured_image":false,"footnotes":""},"class_list":["post-17683","page","type-page","status-publish","hentry"],"jetpack_sharing_enabled":true,"_links":{"self":[{"href":"https:\/\/zamanplastik.com.tr\/index.php\/wp-json\/wp\/v2\/pages\/17683","targetHints":{"allow":["GET"]}}],"collection":[{"href":"https:\/\/zamanplastik.com.tr\/index.php\/wp-json\/wp\/v2\/pages"}],"about":[{"href":"https:\/\/zamanplastik.com.tr\/index.php\/wp-json\/wp\/v2\/types\/page"}],"author":[{"embeddable":true,"href":"https:\/\/zamanplastik.com.tr\/index.php\/wp-json\/wp\/v2\/users\/1"}],"replies":[{"embeddable":true,"href":"https:\/\/zamanplastik.com.tr\/index.php\/wp-json\/wp\/v2\/comments?post=17683"}],"version-history":[{"count":3,"href":"https:\/\/zamanplastik.com.tr\/index.php\/wp-json\/wp\/v2\/pages\/17683\/revisions"}],"predecessor-version":[{"id":17760,"href":"https:\/\/zamanplastik.com.tr\/index.php\/wp-json\/wp\/v2\/pages\/17683\/revisions\/17760"}],"wp:attachment":[{"href":"https:\/\/zamanplastik.com.tr\/index.php\/wp-json\/wp\/v2\/media?parent=17683"}],"curies":[{"name":"wp","href":"https:\/\/api.w.org\/{rel}","templated":true}]}}